{"id":4657,"date":"2024-07-11T21:14:46","date_gmt":"2024-07-11T19:14:46","guid":{"rendered":"https:\/\/thebatikstore.com\/geschichte-des-unternehmens\/"},"modified":"2026-02-22T22:03:14","modified_gmt":"2026-02-22T21:03:14","slug":"geschichte-des-unternehmens","status":"publish","type":"page","link":"https:\/\/thebatikstore.com\/de\/geschichte-des-unternehmens\/","title":{"rendered":"Geschichte des Unternehmens"},"content":{"rendered":"<p>[et_pb_section fb_built=&#8220;1&#8243; _builder_version=&#8220;4.27.5&#8243; _module_preset=&#8220;default&#8220; background_color=&#8220;#FFF5EB&#8220; background_enable_image=&#8220;off&#8220; module_alignment=&#8220;center&#8220; min_height_last_edited=&#8220;off|desktop&#8220; custom_padding=&#8220;5px||0px||false|false&#8220; custom_css_main_element=&#8220;display: flex;||  align-items: center; ||  justify-content: center; &#8220; locked=&#8220;off&#8220; collapsed=&#8220;off&#8220; global_colors_info=&#8220;{}&#8220;][et_pb_row use_custom_gutter=&#8220;on&#8220; gutter_width=&#8220;1&#8243; _builder_version=&#8220;4.26.0&#8243; _module_preset=&#8220;default&#8220; width=&#8220;90%&#8220; max_width=&#8220;100%&#8220; custom_margin=&#8220;2px|auto||auto|false|false&#8220; custom_margin_tablet=&#8220;9px|auto||auto|false|false&#8220; custom_margin_phone=&#8220;1px|auto||auto|false|false&#8220; custom_margin_last_edited=&#8220;on|phone&#8220; custom_padding=&#8220;19px||3px|||&#8220; global_colors_info=&#8220;{}&#8220;][et_pb_column type=&#8220;4_4&#8243; _builder_version=&#8220;4.26.0&#8243; _module_preset=&#8220;default&#8220; custom_padding=&#8220;|||30px|false|false&#8220; custom_padding_tablet=&#8220;|||0px|false|false&#8220; custom_padding_phone=&#8220;|||0px|false|false&#8220; custom_padding_last_edited=&#8220;on|tablet&#8220; global_colors_info=&#8220;{}&#8220;][et_pb_post_title meta=&#8220;off&#8220; featured_image=&#8220;off&#8220; _builder_version=&#8220;4.27.5&#8243; _module_preset=&#8220;default&#8220; title_font=&#8220;|600|||||||&#8220; title_text_align=&#8220;center&#8220; title_text_color=&#8220;#3D516A&#8220; title_font_size=&#8220;35px&#8220; text_orientation=&#8220;center&#8220; hover_enabled=&#8220;0&#8243; title_font_tablet=&#8220;|600|||||||&#8220; title_font_phone=&#8220;|600|||||||&#8220; title_font_last_edited=&#8220;on|desktop&#8220; title_font_size_tablet=&#8220;23px&#8220; title_font_size_phone=&#8220;12px&#8220; title_font_size_last_edited=&#8220;on|phone&#8220; global_colors_info=&#8220;{}&#8220; custom_margin_last_edited=&#8220;on|phone&#8220; custom_margin=&#8220;||-37px||false|false&#8220; sticky_enabled=&#8220;0&#8243; custom_margin_phone=&#8220;-20px||||false|false&#8220; custom_margin_tablet=&#8220;||-37px||false|false&#8220;][\/et_pb_post_title][\/et_pb_column][\/et_pb_row][\/et_pb_section][et_pb_section fb_built=&#8220;1&#8243; _builder_version=&#8220;4.26.0&#8243; _module_preset=&#8220;default&#8220; background_color=&#8220;#FFF5EB&#8220; custom_padding=&#8220;0px||0px||true|false&#8220; locked=&#8220;off&#8220; global_colors_info=&#8220;{}&#8220;][et_pb_row _builder_version=&#8220;4.26.0&#8243; _module_preset=&#8220;default&#8220; width=&#8220;90%&#8220; max_width=&#8220;100%&#8220; custom_padding=&#8220;20px||1px||false|false&#8220; global_colors_info=&#8220;{}&#8220;][et_pb_column type=&#8220;4_4&#8243; _builder_version=&#8220;4.26.0&#8243; _module_preset=&#8220;default&#8220; global_colors_info=&#8220;{}&#8220;][dipi_breadcrumbs bc_custom_home=&#8220;on&#8220; bc_home_text=&#8220;Startseite&#8220; bc_home_url=&#8220;https:\/\/thebatikstore.com\/de\/&#8220; bc_home_icon=&#8220;off&#8220; bc_separator_icon=&#8220;&#x24;||divi||400&#8243; bc_post_type=&#8220;page&#8220; bc_schema=&#8220;off&#8220; bc_separator_color=&#8220;#B18768&#8243; _builder_version=&#8220;4.27.5&#8243; _module_preset=&#8220;default&#8220; items_text_color=&#8220;#0E151E&#8220; items_font_size=&#8220;14px&#8220; hover_text_color=&#8220;#B18768&#8243; active_text_color=&#8220;#0E151E&#8220; active_font_size=&#8220;14px&#8220; custom_padding=&#8220;|12px||||&#8220; hover_enabled=&#8220;0&#8243; global_colors_info=&#8220;{}&#8220; disabled_on=&#8220;on|on|on&#8220; disabled=&#8220;on&#8220; sticky_enabled=&#8220;0&#8243;][\/dipi_breadcrumbs][\/et_pb_column][\/et_pb_row][\/et_pb_section][et_pb_section fb_built=&#8220;1&#8243; custom_padding_last_edited=&#8220;on|phone&#8220; _builder_version=&#8220;4.26.0&#8243; _module_preset=&#8220;default&#8220; background_color=&#8220;RGBA(255,255,255,0)&#8220; vertical_offset_last_edited=&#8220;off|phone&#8220; custom_margin=&#8220;||||false|false&#8220; custom_padding=&#8220;15px||15px||true|false&#8220; custom_padding_tablet=&#8220;18px||18px||true|false&#8220; custom_padding_phone=&#8220;20px||13px||false|false&#8220; locked=&#8220;off&#8220; global_colors_info=&#8220;{}&#8220;][et_pb_row custom_padding_last_edited=&#8220;on|phone&#8220; _builder_version=&#8220;4.26.0&#8243; _module_preset=&#8220;default&#8220; width=&#8220;87%&#8220; max_width=&#8220;100%&#8220; custom_padding_tablet=&#8220;0px||0px||false|false&#8220; custom_padding_phone=&#8220;0px||0px||false|false&#8220; global_colors_info=&#8220;{}&#8220;][et_pb_column type=&#8220;4_4&#8243; _builder_version=&#8220;4.25.2&#8243; _module_preset=&#8220;default&#8220; global_colors_info=&#8220;{}&#8220;][et_pb_text content_phone=&#8220;<\/p>\n<h2>Willkommen bei Batik<\/h2>\n<p>&#8220; content_last_edited=&#8220;off|tablet&#8220; _builder_version=&#8220;4.27.5&#8243; _module_preset=&#8220;default&#8220; text_font=&#8220;Bagest|||on|||||&#8220; text_font_size=&#8220;23px&#8220; header_2_font=&#8220;|600|||||||&#8220; header_2_text_align=&#8220;center&#8220; header_2_font_size=&#8220;21px&#8220; header_2_line_height=&#8220;1.8em&#8220; text_orientation=&#8220;center&#8220; custom_margin=&#8220;||10px||false|false&#8220; custom_margin_tablet=&#8220;||5px||false|false&#8220; custom_margin_phone=&#8220;||5px||false|false&#8220; custom_margin_last_edited=&#8220;on|phone&#8220; custom_padding=&#8220;||||false|false&#8220; hover_enabled=&#8220;0&#8243; header_2_font_size_tablet=&#8220;14px&#8220; header_2_font_size_phone=&#8220;9px&#8220; header_2_font_size_last_edited=&#8220;on|phone&#8220; global_colors_info=&#8220;{}&#8220; sticky_enabled=&#8220;0&#8243;]<\/p>\n<h2>Mehr als nur Pareos , eine Lebenskunst<\/h2>\n<p>[\/et_pb_text][et_pb_text _builder_version=&#8220;4.27.0&#8243; _module_preset=&#8220;default&#8220; text_font=&#8220;&#8211;et_global_body_font||||||||&#8220; text_text_color=&#8220;#0E151E&#8220; text_font_size=&#8220;16px&#8220; text_orientation=&#8220;center&#8220; width=&#8220;950px&#8220; width_tablet=&#8220;100%&#8220; width_phone=&#8220;100%&#8220; width_last_edited=&#8220;on|phone&#8220; module_alignment=&#8220;center&#8220; custom_margin=&#8220;||||false|false&#8220; text_font_size_tablet=&#8220;14px&#8220; text_font_size_phone=&#8220;13px&#8220; text_font_size_last_edited=&#8220;on|phone&#8220; locked=&#8220;off&#8220; global_colors_info=&#8220;{}&#8220;]<\/p>\n<p>The Batik Store fertigt Ihnen nicht nur elegante, farbenfrohe und trendige Pareos an. Unser Ziel ist es, die Kunst an die Str\u00e4nde der ganzen Welt zu bringen! Die Welt an den tausend und einer Farbe, ihrer Geschichte, ihren Br\u00e4uchen und noch unbekannten Symbolen teilhaben zu lassen.  <\/p>\n<p>Wie jede sch\u00f6ne Geschichte begann auch unsere mit einer Begegnung.<\/p>\n<p>[\/et_pb_text][\/et_pb_column][\/et_pb_row][\/et_pb_section][et_pb_section fb_built=&#8220;1&#8243; custom_padding_last_edited=&#8220;on|phone&#8220; _builder_version=&#8220;4.26.0&#8243; _module_preset=&#8220;default&#8220; background_image=&#8220;https:\/\/thebatikstore.com\/wp-content\/uploads\/2024\/07\/travail-manuel-creation-de-pareos-batik-isabelle.jpg&#8220; custom_padding=&#8220;130px||130px||true|false&#8220; custom_padding_tablet=&#8220;110px||110px||true|false&#8220; custom_padding_phone=&#8220;80px||80px||true|false&#8220; background_last_edited=&#8220;on|phone&#8220; background_position_phone=&#8220;center_left&#8220; background_horizontal_offset_phone=&#8220;33%&#8220; locked=&#8220;off&#8220; global_colors_info=&#8220;{}&#8220;][et_pb_row custom_padding_last_edited=&#8220;on|phone&#8220; _builder_version=&#8220;4.26.0&#8243; _module_preset=&#8220;default&#8220; background_enable_color=&#8220;off&#8220; use_background_color_gradient=&#8220;on&#8220; background_color_gradient_direction=&#8220;90deg&#8220; background_color_gradient_stops=&#8220;rgba(177,135,104,0.6) 0%|rgba(248,231,215,0.5) 100%&#8220; horizontal_offset=&#8220;-145px&#8220; horizontal_offset_tablet=&#8220;-20px&#8220; horizontal_offset_phone=&#8220;-10px&#8220; horizontal_offset_last_edited=&#8220;on|phone&#8220; width=&#8220;588px&#8220; width_tablet=&#8220;55%&#8220; width_phone=&#8220;55%&#8220; width_last_edited=&#8220;on|phone&#8220; module_alignment=&#8220;right&#8220; custom_margin=&#8220;||||false|false&#8220; custom_padding=&#8220;45px|45px|25px|45px|false|true&#8220; custom_padding_tablet=&#8220;35px|35px|20px|35px|false|true&#8220; custom_padding_phone=&#8220;25px|20px|20px|20px|false|true&#8220; custom_css_main_element=&#8220;-webkit-backdrop-filter: blur(10px);backdrop-filter: blur(10px);&#8220; global_colors_info=&#8220;{}&#8220;][et_pb_column type=&#8220;4_4&#8243; _builder_version=&#8220;4.26.0&#8243; _module_preset=&#8220;default&#8220; global_colors_info=&#8220;{}&#8220;][et_pb_text _builder_version=&#8220;4.27.5&#8243; _module_preset=&#8220;default&#8220; text_text_color=&#8220;#FFFDFD&#8220; header_2_font=&#8220;|600|||||||&#8220; header_2_text_align=&#8220;center&#8220; header_2_text_color=&#8220;#F8E7D7&#8243; header_2_font_size=&#8220;13px&#8220; text_orientation=&#8220;justified&#8220; custom_margin=&#8220;||50px||false|false&#8220; custom_margin_tablet=&#8220;||35px||false|false&#8220; custom_margin_phone=&#8220;||25px||false|false&#8220; custom_margin_last_edited=&#8220;on|phone&#8220; text_font_size_tablet=&#8220;13px&#8220; text_font_size_phone=&#8220;11px&#8220; text_font_size_last_edited=&#8220;on|phone&#8220; header_2_font_size_tablet=&#8220;14px&#8220; header_2_font_size_phone=&#8220;13px&#8220; header_2_font_size_last_edited=&#8220;on|desktop&#8220; text_orientation_tablet=&#8220;justified&#8220; text_orientation_phone=&#8220;justified&#8220; text_orientation_last_edited=&#8220;on|phone&#8220; global_colors_info=&#8220;{}&#8220;]<\/p>\n<h2>Wie jede sch\u00f6ne Geschichte begann auch unsere mit einer Begegnung.<\/h2>\n<p>1995 lernte der aus Berlin stammende Stefan Isabelle auf einer seiner Reisen durch Frankreich kennen. Als sie merkten, dass sie f\u00fcreinander bestimmt waren, beschlossen sie, gemeinsam nach S\u00fcdwestasien zu reisen, um dort nach Kunsthandwerk zu suchen, das sie w\u00e4hrend der Sommersaison in Frankreich auf den M\u00e4rkten verkaufen wollten.<\/p>\n<p>In Thailand besuchten sie verschiedene M\u00e4rkte, auf denen Kunsthandwerk angeboten wurde, und entdeckten einige sch\u00f6ne Kreationen aus traditioneller Batik, die aus Indonesien stammten.<br \/>Sie waren begeistert und reisten noch am selben Tag nach Bali, wo sie einige Wochen lang von Insel zu Insel durch Indonesien reisten. In Zentraljava, einer kleinen Stadt namens Solo, entdeckten sie das Weltzentrum der Batik.<\/p>\n<p>Indem sie mit Fabriken vor Ort zusammenarbeiteten und Muster aus deren Katalogen bestellten, entdeckten sie nach und nach das Know-how der Batik und sahen das Potenzial, das diese Technik bot. So entstand die Fusion zwischen dem uralten javanischen Batik-Know-how und der westlichen \u00c4sthetik: Sie entwickelten ihre eigenen Muster, die moderner waren und dem westlichen Geschmack entsprachen.<\/p>\n<p>[\/et_pb_text][\/et_pb_column][\/et_pb_row][\/et_pb_section][et_pb_section fb_built=&#8220;1&#8243; custom_padding_last_edited=&#8220;on|phone&#8220; _builder_version=&#8220;4.26.0&#8243; _module_preset=&#8220;default&#8220; background_color=&#8220;RGBA(255,255,255,0)&#8220; vertical_offset_last_edited=&#8220;off|phone&#8220; custom_margin=&#8220;||||false|false&#8220; custom_padding=&#8220;3px||3px||true|false&#8220; custom_padding_tablet=&#8220;19px||19px||true|false&#8220; custom_padding_phone=&#8220;18px||19px||false|false&#8220; locked=&#8220;off&#8220; global_colors_info=&#8220;{}&#8220;][et_pb_row custom_padding_last_edited=&#8220;on|phone&#8220; _builder_version=&#8220;4.26.0&#8243; _module_preset=&#8220;default&#8220; width=&#8220;87%&#8220; max_width=&#8220;100%&#8220; custom_padding_tablet=&#8220;0px||0px||false|false&#8220; custom_padding_phone=&#8220;0px||0px||false|false&#8220; global_colors_info=&#8220;{}&#8220;][et_pb_column type=&#8220;4_4&#8243; _builder_version=&#8220;4.25.2&#8243; _module_preset=&#8220;default&#8220; global_colors_info=&#8220;{}&#8220;][et_pb_text content_phone=&#8220;<\/p>\n<h2>Willkommen bei Batik<\/h2>\n<p>&#8220; content_last_edited=&#8220;off|tablet&#8220; _builder_version=&#8220;4.27.5&#8243; _module_preset=&#8220;default&#8220; text_font=&#8220;Bagest|||on|||||&#8220; text_font_size=&#8220;23px&#8220; header_2_font=&#8220;||||||||&#8220; header_2_text_align=&#8220;center&#8220; header_2_font_size=&#8220;38px&#8220; header_2_line_height=&#8220;1.8em&#8220; text_orientation=&#8220;center&#8220; custom_margin=&#8220;||10px||false|false&#8220; custom_margin_tablet=&#8220;||5px||false|false&#8220; custom_margin_phone=&#8220;||5px||false|false&#8220; custom_margin_last_edited=&#8220;on|phone&#8220; custom_padding=&#8220;||||false|false&#8220; header_2_font_size_tablet=&#8220;29px&#8220; header_2_font_size_phone=&#8220;18px&#8220; header_2_font_size_last_edited=&#8220;on|phone&#8220; global_colors_info=&#8220;{}&#8220;]<\/p>\n<h2>Ein zweites Treffen<\/h2>\n<p>[\/et_pb_text][et_pb_text _builder_version=&#8220;4.27.0&#8243; _module_preset=&#8220;default&#8220; text_font=&#8220;&#8211;et_global_body_font||||||||&#8220; text_text_color=&#8220;#0E151E&#8220; text_font_size=&#8220;16px&#8220; text_orientation=&#8220;center&#8220; width=&#8220;950px&#8220; width_tablet=&#8220;100%&#8220; width_phone=&#8220;100%&#8220; width_last_edited=&#8220;on|phone&#8220; module_alignment=&#8220;center&#8220; custom_margin=&#8220;||||false|false&#8220; text_font_size_tablet=&#8220;14px&#8220; text_font_size_phone=&#8220;13px&#8220; text_font_size_last_edited=&#8220;on|phone&#8220; locked=&#8220;off&#8220; global_colors_info=&#8220;{}&#8220;]<\/p>\n<p>Das Schicksal wollte es, dass sie genau in diesem Moment auf Sutarto trafen, einen armen Familienvater, der jedoch sehr talentiert und erfahren im Batikhandwerk war.<\/p>\n<p>Trotz ihrer kulturellen Unterschiede stimmte die Chemie und \u00fcber eine au\u00dfergew\u00f6hnliche k\u00fcnstlerische Komplizenschaft hinaus entstand eine dauerhafte Freundschaft, die es den beiden Familien erm\u00f6glichte, gemeinsam zu gedeihen und bis heute von ihrer Leidenschaft zu leben.<\/p>\n<p>Im Jahr 1995 bauten sie ihre eigene Manufaktur in Solo, Zentraljava, auf.<\/p>\n<p>[\/et_pb_text][\/et_pb_column][\/et_pb_row][\/et_pb_section][et_pb_section fb_built=&#8220;1&#8243; custom_padding_last_edited=&#8220;on|phone&#8220; _builder_version=&#8220;4.26.0&#8243; _module_preset=&#8220;default&#8220; background_image=&#8220;https:\/\/thebatikstore.com\/wp-content\/uploads\/2024\/07\/travail-manuel-a-la-manufacture-de-java-creation-de-pareos-batik-isabelle-et-neo.png&#8220; custom_padding=&#8220;130px||130px||true|false&#8220; custom_padding_tablet=&#8220;110px||110px||true|false&#8220; custom_padding_phone=&#8220;80px||80px||true|false&#8220; background_last_edited=&#8220;on|tablet&#8220; background_position_phone=&#8220;center_left&#8220; background_horizontal_offset_phone=&#8220;61%&#8220; locked=&#8220;off&#8220; global_colors_info=&#8220;{}&#8220;][et_pb_row custom_padding_last_edited=&#8220;on|phone&#8220; _builder_version=&#8220;4.26.0&#8243; _module_preset=&#8220;default&#8220; background_enable_color=&#8220;off&#8220; use_background_color_gradient=&#8220;on&#8220; background_color_gradient_direction=&#8220;90deg&#8220; background_color_gradient_stops=&#8220;rgba(177,135,104,0.6) 0%|rgba(248,231,215,0.5) 100%&#8220; horizontal_offset=&#8220;60px&#8220; horizontal_offset_tablet=&#8220;20px&#8220; horizontal_offset_phone=&#8220;10px&#8220; horizontal_offset_last_edited=&#8220;on|phone&#8220; width=&#8220;588px&#8220; width_tablet=&#8220;55%&#8220; width_phone=&#8220;55%&#8220; width_last_edited=&#8220;on|phone&#8220; module_alignment=&#8220;left&#8220; custom_margin=&#8220;||||false|false&#8220; custom_padding=&#8220;45px|45px|25px|45px|false|true&#8220; custom_padding_tablet=&#8220;35px|35px|20px|35px|false|true&#8220; custom_padding_phone=&#8220;25px|20px|20px|20px|false|true&#8220; custom_css_main_element=&#8220;-webkit-backdrop-filter: blur(10px);backdrop-filter: blur(10px);&#8220; global_colors_info=&#8220;{}&#8220;][et_pb_column type=&#8220;4_4&#8243; _builder_version=&#8220;4.26.0&#8243; _module_preset=&#8220;default&#8220; global_colors_info=&#8220;{}&#8220;][et_pb_text _builder_version=&#8220;4.27.5&#8243; _module_preset=&#8220;default&#8220; text_text_color=&#8220;#FFFDFD&#8220; header_2_font=&#8220;|600|||||||&#8220; header_2_text_align=&#8220;center&#8220; header_2_text_color=&#8220;#F8E7D7&#8243; header_2_font_size=&#8220;28px&#8220; text_orientation=&#8220;justified&#8220; custom_margin=&#8220;||50px||false|false&#8220; custom_margin_tablet=&#8220;||35px||false|false&#8220; custom_margin_phone=&#8220;||25px||false|false&#8220; custom_margin_last_edited=&#8220;on|phone&#8220; text_font_size_tablet=&#8220;13px&#8220; text_font_size_phone=&#8220;11px&#8220; text_font_size_last_edited=&#8220;on|phone&#8220; header_2_font_size_tablet=&#8220;20px&#8220; header_2_font_size_phone=&#8220;11px&#8220; header_2_font_size_last_edited=&#8220;on|phone&#8220; text_orientation_tablet=&#8220;justified&#8220; text_orientation_phone=&#8220;justified&#8220; text_orientation_last_edited=&#8220;on|phone&#8220; global_colors_info=&#8220;{}&#8220;]<\/p>\n<h2>Kunst und Batik ?<\/h2>\n<p>Sie haben sich schon immer f\u00fcr den Umgang mit Farben und zeitgen\u00f6ssischer Kunst begeistert und revolutionieren den Pareo, um ihn in vollwertige k\u00fcnstlerische Kreationen zu verwandeln, die \u00fcber ein einfaches Strandaccessoire hinausgehen und zu einem echten wandelnden Gem\u00e4lde werden, das seinen Platz in der Modewelt hat.<\/p>\n<p>[\/et_pb_text][\/et_pb_column][\/et_pb_row][\/et_pb_section][et_pb_section fb_built=&#8220;1&#8243; custom_padding_last_edited=&#8220;on|phone&#8220; _builder_version=&#8220;4.26.0&#8243; _module_preset=&#8220;default&#8220; background_color=&#8220;RGBA(255,255,255,0)&#8220; vertical_offset_last_edited=&#8220;off|phone&#8220; custom_margin=&#8220;||||false|false&#8220; custom_padding=&#8220;35px||||false|false&#8220; custom_padding_tablet=&#8220;23px||||false|false&#8220; custom_padding_phone=&#8220;16px||||false|false&#8220; locked=&#8220;off&#8220; global_colors_info=&#8220;{}&#8220;][et_pb_row custom_padding_last_edited=&#8220;on|phone&#8220; _builder_version=&#8220;4.26.0&#8243; _module_preset=&#8220;default&#8220; width=&#8220;87%&#8220; max_width=&#8220;100%&#8220; custom_padding=&#8220;3px|||||&#8220; custom_padding_tablet=&#8220;0px||0px||false|false&#8220; custom_padding_phone=&#8220;0px||0px||false|false&#8220; global_colors_info=&#8220;{}&#8220;][et_pb_column type=&#8220;4_4&#8243; _builder_version=&#8220;4.25.2&#8243; _module_preset=&#8220;default&#8220; global_colors_info=&#8220;{}&#8220;][et_pb_text content_phone=&#8220;<\/p>\n<h2>Willkommen bei Batik<\/h2>\n<p>&#8220; content_last_edited=&#8220;off|tablet&#8220; _builder_version=&#8220;4.27.5&#8243; _module_preset=&#8220;default&#8220; text_font=&#8220;Bagest|||on|||||&#8220; text_font_size=&#8220;23px&#8220; header_2_font=&#8220;||||||||&#8220; header_2_text_align=&#8220;center&#8220; header_2_font_size=&#8220;35px&#8220; header_2_line_height=&#8220;1.8em&#8220; text_orientation=&#8220;center&#8220; custom_margin=&#8220;||10px||false|false&#8220; custom_margin_tablet=&#8220;||5px||false|false&#8220; custom_margin_phone=&#8220;||5px||false|false&#8220; custom_margin_last_edited=&#8220;on|phone&#8220; custom_padding=&#8220;||||false|false&#8220; header_2_font_size_tablet=&#8220;30px&#8220; header_2_font_size_phone=&#8220;22px&#8220; header_2_font_size_last_edited=&#8220;on|phone&#8220; global_colors_info=&#8220;{}&#8220;]<\/p>\n<h2>Und heute?<\/h2>\n<p>[\/et_pb_text][et_pb_text _builder_version=&#8220;4.26.0&#8243; _module_preset=&#8220;default&#8220; text_font=&#8220;&#8211;et_global_body_font||||||||&#8220; text_text_color=&#8220;#0E151E&#8220; text_font_size=&#8220;16px&#8220; text_orientation=&#8220;center&#8220; width=&#8220;950px&#8220; width_tablet=&#8220;100%&#8220; width_phone=&#8220;100%&#8220; width_last_edited=&#8220;on|phone&#8220; module_alignment=&#8220;center&#8220; custom_margin=&#8220;||80px||false|false&#8220; text_font_size_tablet=&#8220;14px&#8220; text_font_size_phone=&#8220;13px&#8220; text_font_size_last_edited=&#8220;on|phone&#8220; locked=&#8220;off&#8220; global_colors_info=&#8220;{}&#8220;]<\/p>\n<p>Seit fast 30 Jahren, nachdem wir mit Leidenschaft den Wunsch nach einer progressiven kreativen Entwicklung kultiviert haben, haben wir eine der gr\u00f6\u00dften Kollektionen moderner Batik geschaffen.<br \/>Bestehend aus einer gro\u00dfen Vielfalt an originellen Kreationen, die von figurativen, abstrakten, tribalen und futuristischen Motiven bis hin zu freien Adaptionen von Werken gro\u00dfer zeitgen\u00f6ssischer Maler reichen, sind unsere Batiken an ihrer Qualit\u00e4t und Originalit\u00e4t erkennbar.<\/p>\n<p>Der Wunsch, noch weiter zu gehen, war noch nie so gro\u00df wie heute!<\/p>\n<p>[\/et_pb_text][dipi_masonry_gallery gallery_ids=&#8220;1221,1219,1220,1222,1223,1232,1233,1234,1235&#8243; gallery_orderby=&#8220;rand&#8220; icon_in_overlay=&#8220;off&#8220; columns_tablet=&#8220;3&#8243; columns_phone=&#8220;2&#8243; columns_last_edited=&#8220;on|phone&#8220; _builder_version=&#8220;4.26.0&#8243; _module_preset=&#8220;default&#8220; global_colors_info=&#8220;{}&#8220;][\/dipi_masonry_gallery][\/et_pb_column][\/et_pb_row][\/et_pb_section]<\/p>\n","protected":false},"excerpt":{"rendered":"<p>Mehr als nur Pareos , eine LebenskunstThe Batik Store fertigt Ihnen nicht nur elegante, farbenfrohe und trendige Pareos an. Unser Ziel ist es, die Kunst an die Str\u00e4nde der ganzen Welt zu bringen! Die [&hellip;]<\/p>\n","protected":false},"author":1,"featured_media":0,"parent":0,"menu_order":0,"comment_status":"closed","ping_status":"closed","template":"","meta":{"_seopress_robots_primary_cat":"","_seopress_titles_title":"","_seopress_titles_desc":"The Batik Store ist mehr als nur ein Pareo-Shop. Wir wollen die Kunst an den Strand bringen! ","_seopress_robots_index":"","_et_pb_use_builder":"on","_et_pb_old_content":"","_et_gb_content_width":"","footnotes":""},"dipi_cpt_category":[],"class_list":["post-4657","page","type-page","status-publish","hentry"],"_links":{"self":[{"href":"https:\/\/thebatikstore.com\/de\/wp-json\/wp\/v2\/pages\/4657","targetHints":{"allow":["GET"]}}],"collection":[{"href":"https:\/\/thebatikstore.com\/de\/wp-json\/wp\/v2\/pages"}],"about":[{"href":"https:\/\/thebatikstore.com\/de\/wp-json\/wp\/v2\/types\/page"}],"author":[{"embeddable":true,"href":"https:\/\/thebatikstore.com\/de\/wp-json\/wp\/v2\/users\/1"}],"replies":[{"embeddable":true,"href":"https:\/\/thebatikstore.com\/de\/wp-json\/wp\/v2\/comments?post=4657"}],"version-history":[{"count":0,"href":"https:\/\/thebatikstore.com\/de\/wp-json\/wp\/v2\/pages\/4657\/revisions"}],"wp:attachment":[{"href":"https:\/\/thebatikstore.com\/de\/wp-json\/wp\/v2\/media?parent=4657"}],"wp:term":[{"taxonomy":"dipi_cpt_category","embeddable":true,"href":"https:\/\/thebatikstore.com\/de\/wp-json\/wp\/v2\/dipi_cpt_category?post=4657"}],"curies":[{"name":"wp","href":"https:\/\/api.w.org\/{rel}","templated":true}]}}