{"id":11214,"date":"2025-04-23T21:00:43","date_gmt":"2025-04-23T19:00:43","guid":{"rendered":"https:\/\/thebatikstore.com\/?post_type=product&#038;p=11214"},"modified":"2026-04-23T15:51:40","modified_gmt":"2026-04-23T13:51:40","slug":"pisac","status":"publish","type":"product","link":"https:\/\/thebatikstore.com\/de\/shop\/wandbehang\/pisac\/","title":{"rendered":"Wandbehang Pisac"},"content":{"rendered":"<blockquote>\n<p class=\"p1\">Im Herzen des Heiligen Tals der Inka gelegen, verzaubert Pisac mit seinen malerischen Gassen, seinem farbenfrohen Markt und seinen majest\u00e4tischen arch\u00e4ologischen St\u00e4tten. Dieses peruanische Dorf, das andine Traditionen mit beeindruckenden Landschaften verbindet, verk\u00f6rpert die spirituelle und handwerkliche Seele der Anden.<\/p>\n<\/blockquote>\n<p>Limitierte Auflage.<\/p>\n<div class='et-learn-more clearfix'>\n\t\t\t\t\t<h3 class='heading-more'>Beschreibung lesen<span class='et_learnmore_arrow'><span><\/span><\/span><\/h3>\n\t\t\t\t\t<div class='learn-more-content'>Verleihen Sie Ihrem Zuhause mit unseren Batik-Wandbeh\u00e4ngen einen Hauch von Eleganz und W\u00e4rme.<\/p>\n<p>Sie werden vollst\u00e4ndig von Hand aus au\u00dfergew\u00f6hnlicher Baumwolle gefertigt und mit einzigartigen Mustern verziert. Dank ihrer gro\u00dfz\u00fcgigen Ma\u00dfe und leuchtenden Farben heben sie sich als einzigartige Kunstwerke hervor.<\/p>\n<p>Perfekt zur Wanddekoration, als Bett\u00fcberwurf oder zur Schaffung einer Boho-Atmosph\u00e4re als Raumteiler \u2013 sie k\u00f6nnen auch im Freien als Sonnenschutz oder Picknickdecke verwendet werden.<\/p>\n<p>Jedes St\u00fcck spiegelt ein au\u00dfergew\u00f6hnliches handwerkliches K\u00f6nnen wider!<\/p>\n<p>Jedes St\u00fcck ist durch die Besonderheiten der Batik-Maltechnik ein Unikat.<\/p>\n<p>Material: Hochwertige Baumwolle<\/div>\n\t\t\t\t<\/div>\n","protected":false},"excerpt":{"rendered":"<p>Wandbehang Pisac, handwerklicher Java-Batik auf Baumwolle. Leuchtende Farben und Signatur-Motiv \u2014 ideal f\u00fcr Wand oder Sofa.<\/p>\n","protected":false},"featured_media":11310,"template":"","meta":{"_seopress_robots_primary_cat":"none","_seopress_titles_title":"Wandbehang Pisac \u2013 Handgefertigter Java-Batik | The Batik Store","_seopress_titles_desc":"Eine originale und handgefertigte dekorative Batik-Wandbeh\u00e4ngung, handbemalt auf hochwertigem Stoff \u2013 das ist das Versprechen von The Batik Store! Motiv Pisac.","_seopress_robots_index":"","_et_pb_use_builder":"","_et_pb_old_content":"","_et_gb_content_width":""},"product_brand":[],"product_cat":[100],"product_tag":[],"class_list":{"0":"post-11214","1":"product","2":"type-product","3":"status-publish","4":"has-post-thumbnail","6":"product_cat-wandbehang","8":"first","9":"instock","10":"shipping-taxable","11":"purchasable","12":"product-type-simple","13":"add-to-wishlist-after_add_to_cart"},"_links":{"self":[{"href":"https:\/\/thebatikstore.com\/de\/wp-json\/wp\/v2\/product\/11214","targetHints":{"allow":["GET"]}}],"collection":[{"href":"https:\/\/thebatikstore.com\/de\/wp-json\/wp\/v2\/product"}],"about":[{"href":"https:\/\/thebatikstore.com\/de\/wp-json\/wp\/v2\/types\/product"}],"wp:featuredmedia":[{"embeddable":true,"href":"https:\/\/thebatikstore.com\/de\/wp-json\/wp\/v2\/media\/11310"}],"wp:attachment":[{"href":"https:\/\/thebatikstore.com\/de\/wp-json\/wp\/v2\/media?parent=11214"}],"wp:term":[{"taxonomy":"product_brand","embeddable":true,"href":"https:\/\/thebatikstore.com\/de\/wp-json\/wp\/v2\/product_brand?post=11214"},{"taxonomy":"product_cat","embeddable":true,"href":"https:\/\/thebatikstore.com\/de\/wp-json\/wp\/v2\/product_cat?post=11214"},{"taxonomy":"product_tag","embeddable":true,"href":"https:\/\/thebatikstore.com\/de\/wp-json\/wp\/v2\/product_tag?post=11214"}],"curies":[{"name":"wp","href":"https:\/\/api.w.org\/{rel}","templated":true}]}}