{"id":11220,"date":"2025-02-23T15:33:10","date_gmt":"2025-02-23T14:33:10","guid":{"rendered":"https:\/\/thebatikstore.com\/?post_type=product&#038;p=11220"},"modified":"2026-04-23T15:51:42","modified_gmt":"2026-04-23T13:51:42","slug":"peru","status":"publish","type":"product","link":"https:\/\/thebatikstore.com\/de\/shop\/wandbehang\/peru\/","title":{"rendered":"Wandbehang Peru"},"content":{"rendered":"<blockquote>\n<p class=\"p1\">Ein Land uralter Zivilisationen, Peru fasziniert mit seinem reichen Erbe, von den majest\u00e4tischen Inkast\u00e4dten bis zu kolonialen Sch\u00e4tzen. Zwischen den Gipfeln der Anden, der Weite des Amazonas und der Magie von Machu Picchu verk\u00f6rpert es eine einzigartige Harmonie aus Geschichte, Kultur und Natur.<\/p>\n<\/blockquote>\n<p>Limitierte Auflage.<\/p>\n<div class='et-learn-more clearfix'>\n\t\t\t\t\t<h3 class='heading-more'>Beschreibung lesen<span class='et_learnmore_arrow'><span><\/span><\/span><\/h3>\n\t\t\t\t\t<div class='learn-more-content'>Verleihen Sie Ihrem Zuhause mit unseren Batik-Wandbeh\u00e4ngen einen Hauch von Eleganz und W\u00e4rme.<\/p>\n<p>Sie werden vollst\u00e4ndig von Hand aus au\u00dfergew\u00f6hnlicher Baumwolle gefertigt und mit einzigartigen Mustern verziert. Dank ihrer gro\u00dfz\u00fcgigen Ma\u00dfe und leuchtenden Farben heben sie sich als einzigartige Kunstwerke hervor.<\/p>\n<p>Perfekt zur Wanddekoration, als Bett\u00fcberwurf oder zur Schaffung einer Boho-Atmosph\u00e4re als Raumteiler \u2013 sie k\u00f6nnen auch im Freien als Sonnenschutz oder Picknickdecke verwendet werden.<\/p>\n<p>Jedes St\u00fcck spiegelt ein au\u00dfergew\u00f6hnliches handwerkliches K\u00f6nnen wider!<\/p>\n<p>Jedes St\u00fcck ist durch die Besonderheiten der Batik-Maltechnik ein Unikat.<\/p>\n<p>Material: Hochwertige Baumwolle<\/div>\n\t\t\t\t<\/div>\n","protected":false},"excerpt":{"rendered":"<p>Wandbehang Peru, handwerklicher Java-Batik auf Baumwolle. Leuchtende Farben und Signatur-Motiv \u2014 ideal f\u00fcr Wand oder Sofa.<\/p>\n","protected":false},"featured_media":11052,"template":"","meta":{"_seopress_robots_primary_cat":"none","_seopress_titles_title":"Wandbehang Peru \u2013 Handgefertigter Java-Batik | The Batik Store","_seopress_titles_desc":"Eine originale und handgefertigte dekorative Batik-Wandbeh\u00e4ngung, handbemalt auf hochwertigem Stoff \u2013 das ist das Versprechen von The Batik Store! Motiv Peru.","_seopress_robots_index":"","_et_pb_use_builder":"","_et_pb_old_content":"","_et_gb_content_width":""},"product_brand":[],"product_cat":[100],"product_tag":[],"class_list":{"0":"post-11220","1":"product","2":"type-product","3":"status-publish","4":"has-post-thumbnail","6":"product_cat-wandbehang","8":"first","9":"instock","10":"shipping-taxable","11":"purchasable","12":"product-type-simple","13":"add-to-wishlist-after_add_to_cart"},"_links":{"self":[{"href":"https:\/\/thebatikstore.com\/de\/wp-json\/wp\/v2\/product\/11220","targetHints":{"allow":["GET"]}}],"collection":[{"href":"https:\/\/thebatikstore.com\/de\/wp-json\/wp\/v2\/product"}],"about":[{"href":"https:\/\/thebatikstore.com\/de\/wp-json\/wp\/v2\/types\/product"}],"wp:featuredmedia":[{"embeddable":true,"href":"https:\/\/thebatikstore.com\/de\/wp-json\/wp\/v2\/media\/11052"}],"wp:attachment":[{"href":"https:\/\/thebatikstore.com\/de\/wp-json\/wp\/v2\/media?parent=11220"}],"wp:term":[{"taxonomy":"product_brand","embeddable":true,"href":"https:\/\/thebatikstore.com\/de\/wp-json\/wp\/v2\/product_brand?post=11220"},{"taxonomy":"product_cat","embeddable":true,"href":"https:\/\/thebatikstore.com\/de\/wp-json\/wp\/v2\/product_cat?post=11220"},{"taxonomy":"product_tag","embeddable":true,"href":"https:\/\/thebatikstore.com\/de\/wp-json\/wp\/v2\/product_tag?post=11220"}],"curies":[{"name":"wp","href":"https:\/\/api.w.org\/{rel}","templated":true}]}}