{"id":4726,"date":"2024-07-13T21:08:17","date_gmt":"2024-07-13T19:08:17","guid":{"rendered":"https:\/\/thebatikstore.com\/boutique\/unkategorisiert\/tiger\/"},"modified":"2026-04-23T15:53:06","modified_gmt":"2026-04-23T13:53:06","slug":"tiger","status":"publish","type":"product","link":"https:\/\/thebatikstore.com\/de\/shop\/unsere-sarongs\/tiger\/","title":{"rendered":"Sarong Tiger"},"content":{"rendered":"<blockquote>\n<p class=\"p1\">Der Tiger symbolisiert Macht und Beherrschung und verk\u00f6rpert eine seltene und unersch\u00fctterliche Charakterst\u00e4rke. Er steht auch f\u00fcr Ehrgeiz und Erfolg und erinnert daran, wie wichtig es ist, sich in einem wettbewerbsintensiven Umfeld durchzusetzen. Schlie\u00dflich steht der Tiger f\u00fcr Weisheit und Wachsamkeit, Qualit\u00e4ten, die notwendig sind, um seinen Status zu erhalten und zu sch\u00fctzen.<\/p>\n<\/blockquote>\n<p>Limitierte Auflage .<\/p>\n<div class='et-learn-more clearfix'>\n\t\t\t\t\t<h3 class='heading-more'>Beschreibung lesen<span class='et_learnmore_arrow'><span><\/span><\/span><\/h3>\n\t\t\t\t\t<div class='learn-more-content'>Batik Sarong mit Tasche .<\/p>\n<p>Entdecken Sie die perfekte Kombination aus Tradition und Moderne mit unserem Sarong Batik mit einer praktischen Innovation: einer intelligenten Tasche, die unauff\u00e4llig integriert ist, um Ihnen einen unvergleichlichen Komfort zu bieten.<\/p>\n<p>Diese revolution\u00e4re Tasche ist ideal, um Ihre kleinen Essentials wie Schl\u00fcssel, Telefon oder Karten zu verstauen, und verleiht Ihrem traditionellen Outfit eine moderne Funktionalit\u00e4t.<\/p>\n<p>Sie ist das perfekte Accessoire f\u00fcr alle sommerlichen Anl\u00e4sse, sei es f\u00fcr einen Tag am Strand, einen St\u00e4dtetrip oder einen eleganten Abend.<\/p>\n<p>Von erfahrenen Handwerkern mit viel Liebe zum Detail gefertigt, verk\u00f6rpert dieser Sarong Luxus und Kultiviertheit.<\/p>\n<p>Wird mit einer Anleitung geliefert.<\/p>\n<p>Ma\u00dfe: 210 cm x 115 cm (Vor dem Naehen zum Schlauch).<\/div>\n\t\t\t\t<\/div>\n","protected":false},"excerpt":{"rendered":"<p>Sarong Tiger, handbemalter Java-Batik auf leichter Viskose. Signatur-Motiv und leuchtende Farben \u2014 ein Unikat f\u00fcr Strand oder Stadt.<\/p>\n","protected":false},"featured_media":11487,"template":"","meta":{"_seopress_robots_primary_cat":"none","_seopress_titles_title":"Sarong Tiger \u2013 Handgefertigter Java-Batik | The Batik Store","_seopress_titles_desc":"Ein origineller, handgefertigter Sarong, handbemalt auf einem hochwertigen Stoff: das ist das Versprechen von The Batik Store! Tiger-Muster .","_seopress_robots_index":"","_et_pb_use_builder":"","_et_pb_old_content":"","_et_gb_content_width":""},"product_brand":[],"product_cat":[76],"product_tag":[],"class_list":{"0":"post-4726","1":"product","2":"type-product","3":"status-publish","4":"has-post-thumbnail","6":"product_cat-unsere-sarongs","8":"first","9":"instock","10":"shipping-taxable","11":"purchasable","12":"product-type-simple","13":"add-to-wishlist-after_add_to_cart"},"_links":{"self":[{"href":"https:\/\/thebatikstore.com\/de\/wp-json\/wp\/v2\/product\/4726","targetHints":{"allow":["GET"]}}],"collection":[{"href":"https:\/\/thebatikstore.com\/de\/wp-json\/wp\/v2\/product"}],"about":[{"href":"https:\/\/thebatikstore.com\/de\/wp-json\/wp\/v2\/types\/product"}],"wp:featuredmedia":[{"embeddable":true,"href":"https:\/\/thebatikstore.com\/de\/wp-json\/wp\/v2\/media\/11487"}],"wp:attachment":[{"href":"https:\/\/thebatikstore.com\/de\/wp-json\/wp\/v2\/media?parent=4726"}],"wp:term":[{"taxonomy":"product_brand","embeddable":true,"href":"https:\/\/thebatikstore.com\/de\/wp-json\/wp\/v2\/product_brand?post=4726"},{"taxonomy":"product_cat","embeddable":true,"href":"https:\/\/thebatikstore.com\/de\/wp-json\/wp\/v2\/product_cat?post=4726"},{"taxonomy":"product_tag","embeddable":true,"href":"https:\/\/thebatikstore.com\/de\/wp-json\/wp\/v2\/product_tag?post=4726"}],"curies":[{"name":"wp","href":"https:\/\/api.w.org\/{rel}","templated":true}]}}