{"id":4728,"date":"2024-08-13T20:48:52","date_gmt":"2024-08-13T18:48:52","guid":{"rendered":"https:\/\/thebatikstore.com\/boutique\/unkategorisiert\/bali-blue\/"},"modified":"2026-04-23T15:52:41","modified_gmt":"2026-04-23T13:52:41","slug":"bali-blue","status":"publish","type":"product","link":"https:\/\/thebatikstore.com\/de\/shop\/unsere-sarongs\/bali-blue\/","title":{"rendered":"Sarong Bali Blue"},"content":{"rendered":"<blockquote>\n<p class=\"p1\">Ein faszinierendes Tier mit besonderer Symbolik in verschiedenen Kulturen auf der ganzen Welt , das in der Regel f\u00fcr Mobilit\u00e4t, Anpassungsf\u00e4higkeit, Transformation, Intuition, Schutz und Spiritualit\u00e4t steht.<\/p>\n<\/blockquote>\n<div class='et-learn-more clearfix'>\n\t\t\t\t\t<h3 class='heading-more'>Beschreibung lesen<span class='et_learnmore_arrow'><span><\/span><\/span><\/h3>\n\t\t\t\t\t<div class='learn-more-content'>Batik-Sarong mit Tasche.<\/p>\n<p>Limitierte Auflage<\/p>\n<p>Entdecken Sie die perfekte Verbindung von Tradition und Moderne mit unserem Batik-Sarong, der \u00fcber eine praktische Innovation verf\u00fcgt: eine intelligente Tasche, dezent integriert, um Ihnen unvergleichlichen Komfort zu bieten.\nIdeal zum Verstauen Ihrer kleinen Essentials wie Schl\u00fcssel, Handy oder Karten \u2013 diese revolution\u00e4re Tasche verleiht Ihrem traditionellen Outfit eine moderne Funktionalit\u00e4t.\nDas ist das perfekte Accessoire f\u00fcr alle sommerlichen Anl\u00e4sse \u2013 sei es ein Strandtag, ein Stadtbummel oder ein eleganter Abend.Mit gr\u00f6\u00dfter Sorgfalt von erfahrenen Kunsthandwerkern und viel Liebe zum Detail gefertigt, verk\u00f6rpert dieser Sarong Luxus und Raffinesse. <\/p>\n<p>Inklusive Bedienungsanleitung.<\/p>\n<p>Abmessungen: 210 cm x 115 cm (vor dem Zusammenn\u00e4hen zu einer R\u00f6hre).<\/div>\n\t\t\t\t<\/div>\n","protected":false},"excerpt":{"rendered":"<p>Sarong Bali Blue, handbemalter Java-Batik auf leichter Viskose. Signatur-Motiv und leuchtende Farben \u2014 ein Unikat f\u00fcr Strand oder Stadt.<\/p>\n","protected":false},"featured_media":11484,"template":"","meta":{"_seopress_robots_primary_cat":"none","_seopress_titles_title":"Sarong Bali Blue \u2013 Handgefertigter Java-Batik | The Batik Store","_seopress_titles_desc":"Ein origineller, handgefertigter Sarong, handbemalt auf einem hochwertigen Stoff: Das ist das Versprechen von The Batik Store! Muster Bali Blue . ","_seopress_robots_index":"","_et_pb_use_builder":"","_et_pb_old_content":"","_et_gb_content_width":""},"product_brand":[],"product_cat":[76],"product_tag":[],"class_list":{"0":"post-4728","1":"product","2":"type-product","3":"status-publish","4":"has-post-thumbnail","6":"product_cat-unsere-sarongs","8":"first","9":"instock","10":"shipping-taxable","11":"purchasable","12":"product-type-simple","13":"add-to-wishlist-after_add_to_cart"},"_links":{"self":[{"href":"https:\/\/thebatikstore.com\/de\/wp-json\/wp\/v2\/product\/4728","targetHints":{"allow":["GET"]}}],"collection":[{"href":"https:\/\/thebatikstore.com\/de\/wp-json\/wp\/v2\/product"}],"about":[{"href":"https:\/\/thebatikstore.com\/de\/wp-json\/wp\/v2\/types\/product"}],"wp:featuredmedia":[{"embeddable":true,"href":"https:\/\/thebatikstore.com\/de\/wp-json\/wp\/v2\/media\/11484"}],"wp:attachment":[{"href":"https:\/\/thebatikstore.com\/de\/wp-json\/wp\/v2\/media?parent=4728"}],"wp:term":[{"taxonomy":"product_brand","embeddable":true,"href":"https:\/\/thebatikstore.com\/de\/wp-json\/wp\/v2\/product_brand?post=4728"},{"taxonomy":"product_cat","embeddable":true,"href":"https:\/\/thebatikstore.com\/de\/wp-json\/wp\/v2\/product_cat?post=4728"},{"taxonomy":"product_tag","embeddable":true,"href":"https:\/\/thebatikstore.com\/de\/wp-json\/wp\/v2\/product_tag?post=4728"}],"curies":[{"name":"wp","href":"https:\/\/api.w.org\/{rel}","templated":true}]}}