{"id":4729,"date":"2024-08-13T20:41:39","date_gmt":"2024-08-13T18:41:39","guid":{"rendered":"https:\/\/thebatikstore.com\/boutique\/unkategorisiert\/angler-fish-1\/"},"modified":"2026-04-23T15:52:42","modified_gmt":"2026-04-23T13:52:42","slug":"angler-fish-1","status":"publish","type":"product","link":"https:\/\/thebatikstore.com\/de\/shop\/unsere-sarongs\/angler-fish-1\/","title":{"rendered":"Sarong Angler Fish 1"},"content":{"rendered":"<blockquote>\n<p class=\"p1\">Der Steinbei\u00dfer ist ein Raubfisch, der in den dunklen Tiefen des Ozeans lebt, mit scharfen, glasartigen Z\u00e4hnen und einem biolumineszierenden Stab \u00fcber seinem Kopf.Er ist in der Lage, Beute in der Gr\u00f6\u00dfe seines eigenen K\u00f6rpers zu verschlingen, was dem Meeresleben eine faszinierende und furchterregende Dimension verleiht.<\/p><\/blockquote>\n<div class='et-learn-more clearfix'>\n\t\t\t\t\t<h3 class='heading-more'>Beschreibung lesen<span class='et_learnmore_arrow'><span><\/span><\/span><\/h3>\n\t\t\t\t\t<div class='learn-more-content'>Batik-Sarong mit Tasche.<\/p>\n<p>Limitierte Auflage<\/p>\n<p>Entdecken Sie die perfekte Verbindung von Tradition und Moderne mit unserem Batik-Sarong, der \u00fcber eine praktische Innovation verf\u00fcgt: eine intelligente Tasche, dezent integriert, um Ihnen unvergleichlichen Komfort zu bieten.\nIdeal zum Verstauen Ihrer kleinen Essentials wie Schl\u00fcssel, Handy oder Karten \u2013 diese revolution\u00e4re Tasche verleiht Ihrem traditionellen Outfit eine moderne Funktionalit\u00e4t.\nDas ist das perfekte Accessoire f\u00fcr alle sommerlichen Anl\u00e4sse \u2013 sei es ein Strandtag, ein Stadtbummel oder ein eleganter Abend.Mit gr\u00f6\u00dfter Sorgfalt von erfahrenen Kunsthandwerkern und viel Liebe zum Detail gefertigt, verk\u00f6rpert dieser Sarong Luxus und Raffinesse. <\/p>\n<p>Inklusive Bedienungsanleitung.<\/p>\n<p>Abmessungen: 210 cm x 115 cm (vor dem Zusammenn\u00e4hen zu einer R\u00f6hre).<\/div>\n\t\t\t\t<\/div>\n","protected":false},"excerpt":{"rendered":"<p>Sarong Angler Fish 1, Kunsthandwerk aus Java mit Wachsf\u00e4rbung auf hochwertiger Viskose. Feine Verarbeitung und Original-Motiv f\u00fcr einen l\u00e4ssigen Boho-Stil.<\/p>\n","protected":false},"featured_media":11478,"template":"","meta":{"_seopress_robots_primary_cat":"none","_seopress_titles_title":"Sarong Angler Fish 1 \u2013 Java-Batik | The Batik Store","_seopress_titles_desc":"Ein origineller, handgefertigter Sarong, handbemalt auf einem hochwertigen Stoff: Das ist das Versprechen von The Batik Store! Muster Angler Fish 1 . ","_seopress_robots_index":"","_et_pb_use_builder":"","_et_pb_old_content":"","_et_gb_content_width":""},"product_brand":[],"product_cat":[76],"product_tag":[],"class_list":{"0":"post-4729","1":"product","2":"type-product","3":"status-publish","4":"has-post-thumbnail","6":"product_cat-unsere-sarongs","8":"first","9":"instock","10":"shipping-taxable","11":"purchasable","12":"product-type-simple","13":"add-to-wishlist-after_add_to_cart"},"_links":{"self":[{"href":"https:\/\/thebatikstore.com\/de\/wp-json\/wp\/v2\/product\/4729","targetHints":{"allow":["GET"]}}],"collection":[{"href":"https:\/\/thebatikstore.com\/de\/wp-json\/wp\/v2\/product"}],"about":[{"href":"https:\/\/thebatikstore.com\/de\/wp-json\/wp\/v2\/types\/product"}],"wp:featuredmedia":[{"embeddable":true,"href":"https:\/\/thebatikstore.com\/de\/wp-json\/wp\/v2\/media\/11478"}],"wp:attachment":[{"href":"https:\/\/thebatikstore.com\/de\/wp-json\/wp\/v2\/media?parent=4729"}],"wp:term":[{"taxonomy":"product_brand","embeddable":true,"href":"https:\/\/thebatikstore.com\/de\/wp-json\/wp\/v2\/product_brand?post=4729"},{"taxonomy":"product_cat","embeddable":true,"href":"https:\/\/thebatikstore.com\/de\/wp-json\/wp\/v2\/product_cat?post=4729"},{"taxonomy":"product_tag","embeddable":true,"href":"https:\/\/thebatikstore.com\/de\/wp-json\/wp\/v2\/product_tag?post=4729"}],"curies":[{"name":"wp","href":"https:\/\/api.w.org\/{rel}","templated":true}]}}