{"id":4748,"date":"2024-07-30T15:21:06","date_gmt":"2024-07-30T13:21:06","guid":{"rendered":"https:\/\/thebatikstore.com\/boutique\/unkategorisiert\/totem\/"},"modified":"2026-04-23T15:52:49","modified_gmt":"2026-04-23T13:52:49","slug":"totem","status":"publish","type":"product","link":"https:\/\/thebatikstore.com\/de\/shop\/unsere-sarongs\/totem\/","title":{"rendered":"Sarong Totem"},"content":{"rendered":"<blockquote>\n<p class=\"p1\">Die Totempf\u00e4hle S\u00fcdamerikas mit ihren kunstvollen Schnitzereien und symbolischen Motiven sind faszinierende Zeugnisse alter Kulturen und ihrer tiefen spirituellen \u00dcberzeugungen. Jedes Totem erz\u00e4hlt eine einzigartige Geschichte, die oft mit Ahnen, Gottheiten und Schutzgeistern verbunden ist und veranschaulicht so die reiche Kosmologie und Weisheit der indigenen V\u00f6lker.<\/p>\n<\/blockquote>\n<p>Limitierte Auflage .<\/p>\n<div class='et-learn-more clearfix'>\n\t\t\t\t\t<h3 class='heading-more'>Beschreibung lesen<span class='et_learnmore_arrow'><span><\/span><\/span><\/h3>\n\t\t\t\t\t<div class='learn-more-content'>Batik Sarong mit Tasche .<\/p>\n<p>Entdecken Sie die perfekte Kombination aus Tradition und Moderne mit unserem Sarong Batik mit einer praktischen Innovation: einer intelligenten Tasche, die unauff\u00e4llig integriert ist, um Ihnen einen unvergleichlichen Komfort zu bieten.<\/p>\n<p>Diese revolution\u00e4re Tasche ist ideal, um Ihre kleinen Essentials wie Schl\u00fcssel, Telefon oder Karten zu verstauen, und verleiht Ihrem traditionellen Outfit eine moderne Funktionalit\u00e4t.<\/p>\n<p>Sie ist das perfekte Accessoire f\u00fcr alle sommerlichen Anl\u00e4sse, sei es f\u00fcr einen Tag am Strand, einen St\u00e4dtetrip oder einen eleganten Abend.<\/p>\n<p>Von erfahrenen Handwerkern mit viel Liebe zum Detail gefertigt, verk\u00f6rpert dieser Sarong Luxus und Kultiviertheit.<\/p>\n<p>Wird mit einer Anleitung geliefert.<\/p>\n<p>Ma\u00dfe: 210 cm x 115 cm (Vor dem Naehen zum Schlauch).<\/div>\n\t\t\t\t<\/div>\n","protected":false},"excerpt":{"rendered":"<p>Sarong Totem, handbemalter Java-Batik auf leichter Viskose. Signatur-Motiv und leuchtende Farben \u2014 ein Unikat f\u00fcr Strand oder Stadt.<\/p>\n","protected":false},"featured_media":9889,"template":"","meta":{"_seopress_robots_primary_cat":"none","_seopress_titles_title":"Sarong Totem \u2013 Handgefertigter Java-Batik | The Batik Store","_seopress_titles_desc":"Ein origineller, handgefertigter Sarong, handbemalt auf einem hochwertigen Stoff: das ist das Versprechen von The Batik Store! Totem-Muster .","_seopress_robots_index":"","_et_pb_use_builder":"","_et_pb_old_content":"","_et_gb_content_width":""},"product_brand":[],"product_cat":[76],"product_tag":[],"class_list":{"0":"post-4748","1":"product","2":"type-product","3":"status-publish","4":"has-post-thumbnail","6":"product_cat-unsere-sarongs","8":"first","9":"outofstock","10":"shipping-taxable","11":"purchasable","12":"product-type-simple","13":"add-to-wishlist-after_add_to_cart"},"_links":{"self":[{"href":"https:\/\/thebatikstore.com\/de\/wp-json\/wp\/v2\/product\/4748","targetHints":{"allow":["GET"]}}],"collection":[{"href":"https:\/\/thebatikstore.com\/de\/wp-json\/wp\/v2\/product"}],"about":[{"href":"https:\/\/thebatikstore.com\/de\/wp-json\/wp\/v2\/types\/product"}],"wp:featuredmedia":[{"embeddable":true,"href":"https:\/\/thebatikstore.com\/de\/wp-json\/wp\/v2\/media\/9889"}],"wp:attachment":[{"href":"https:\/\/thebatikstore.com\/de\/wp-json\/wp\/v2\/media?parent=4748"}],"wp:term":[{"taxonomy":"product_brand","embeddable":true,"href":"https:\/\/thebatikstore.com\/de\/wp-json\/wp\/v2\/product_brand?post=4748"},{"taxonomy":"product_cat","embeddable":true,"href":"https:\/\/thebatikstore.com\/de\/wp-json\/wp\/v2\/product_cat?post=4748"},{"taxonomy":"product_tag","embeddable":true,"href":"https:\/\/thebatikstore.com\/de\/wp-json\/wp\/v2\/product_tag?post=4748"}],"curies":[{"name":"wp","href":"https:\/\/api.w.org\/{rel}","templated":true}]}}