{"id":4750,"date":"2024-07-30T15:15:13","date_gmt":"2024-07-30T13:15:13","guid":{"rendered":"https:\/\/thebatikstore.com\/boutique\/unkategorisiert\/red-pik\/"},"modified":"2026-04-23T15:52:49","modified_gmt":"2026-04-23T13:52:49","slug":"red-pik","status":"publish","type":"product","link":"https:\/\/thebatikstore.com\/de\/shop\/unsere-sarongs\/red-pik\/","title":{"rendered":"Sarong Red Pik"},"content":{"rendered":"<blockquote>\n<p class=\"p1\">Tribal und geometrisches Muster. Speziell f\u00fcr das Tragen als Pareo entworfen. <\/p>\n<\/blockquote>\n<div class='et-learn-more clearfix'>\n\t\t\t\t\t<h3 class='heading-more'>Beschreibung lesen<span class='et_learnmore_arrow'><span><\/span><\/span><\/h3>\n\t\t\t\t\t<div class='learn-more-content'>Batik-Sarong mit Tasche.<\/p>\n<p>Limitierte Auflage<\/p>\n<p>Entdecken Sie die perfekte Verbindung von Tradition und Moderne mit unserem Batik Sarong, der mit einer praktischen Innovation aufwartet: einer intelligenten, diskret integrierten Tasche, die Ihnen unvergleichlichen Komfort bietet.<\/p>\n<p>Diese innovative Tasche ist ideal f\u00fcr die Aufbewahrung kleiner Dinge wie Schl\u00fcssel, Handy oder Karten und verleiht Ihrem traditionellen Outfit moderne Funktionalit\u00e4t.Sie ist das perfekte Accessoire f\u00fcr alle Sommeranl\u00e4sse, ob Strandtag, St\u00e4dtetrip oder eleganter Abend. Mit viel Liebe zum Detail und gr\u00f6\u00dfter Sorgfalt von erfahrenen Handwerkern gefertigt, verk\u00f6rpert dieser Sarong Luxus und Eleganz.<\/p>\n<p>Inklusive Bedienungsanleitung.<\/p>\n<p>Abmessungen: 210 cm x 115 cm (vor dem Zusammenn\u00e4hen zu einer R\u00f6hre).<\/div>\n\t\t\t\t<\/div>\n","protected":false},"excerpt":{"rendered":"<p>Sarong Red Pik, handbemalter Java-Batik auf leichter Viskose. Signatur-Motiv und leuchtende Farben \u2014 ein Unikat f\u00fcr Strand oder Stadt.<\/p>\n","protected":false},"featured_media":9895,"template":"","meta":{"_seopress_robots_primary_cat":"none","_seopress_titles_title":"Sarong Red Pik \u2013 Handgefertigter Java-Batik | The Batik Store","_seopress_titles_desc":"Ein origineller, handgefertigter Sarong, handbemalt auf einem hochwertigen Stoff: Das ist das Versprechen von The Batik Store! Muster Red Pik . ","_seopress_robots_index":"","_et_pb_use_builder":"","_et_pb_old_content":"","_et_gb_content_width":""},"product_brand":[],"product_cat":[76],"product_tag":[],"class_list":{"0":"post-4750","1":"product","2":"type-product","3":"status-publish","4":"has-post-thumbnail","6":"product_cat-unsere-sarongs","8":"first","9":"instock","10":"shipping-taxable","11":"purchasable","12":"product-type-simple","13":"add-to-wishlist-after_add_to_cart"},"_links":{"self":[{"href":"https:\/\/thebatikstore.com\/de\/wp-json\/wp\/v2\/product\/4750","targetHints":{"allow":["GET"]}}],"collection":[{"href":"https:\/\/thebatikstore.com\/de\/wp-json\/wp\/v2\/product"}],"about":[{"href":"https:\/\/thebatikstore.com\/de\/wp-json\/wp\/v2\/types\/product"}],"wp:featuredmedia":[{"embeddable":true,"href":"https:\/\/thebatikstore.com\/de\/wp-json\/wp\/v2\/media\/9895"}],"wp:attachment":[{"href":"https:\/\/thebatikstore.com\/de\/wp-json\/wp\/v2\/media?parent=4750"}],"wp:term":[{"taxonomy":"product_brand","embeddable":true,"href":"https:\/\/thebatikstore.com\/de\/wp-json\/wp\/v2\/product_brand?post=4750"},{"taxonomy":"product_cat","embeddable":true,"href":"https:\/\/thebatikstore.com\/de\/wp-json\/wp\/v2\/product_cat?post=4750"},{"taxonomy":"product_tag","embeddable":true,"href":"https:\/\/thebatikstore.com\/de\/wp-json\/wp\/v2\/product_tag?post=4750"}],"curies":[{"name":"wp","href":"https:\/\/api.w.org\/{rel}","templated":true}]}}