{"id":4790,"date":"2024-08-25T22:22:08","date_gmt":"2024-08-25T20:22:08","guid":{"rendered":"https:\/\/thebatikstore.com\/boutique\/unkategorisiert\/3-geckos-red-2\/"},"modified":"2026-04-23T15:52:37","modified_gmt":"2026-04-23T13:52:37","slug":"3-geckos-red-2","status":"publish","type":"product","link":"https:\/\/thebatikstore.com\/de\/shop\/pareos-kleine-groesse\/3-geckos-red-2\/","title":{"rendered":"Pareo 3 Geckos Red"},"content":{"rendered":"<p>Pareo im Kleinformat<\/p>\n<blockquote>\n<p class=\"p1\">Er ist ein faszinierendes Tier mit besonderer Symbolik in verschiedenen Kulturen auf der ganzen Welt und steht im Allgemeinen f\u00fcr Beweglichkeit, Anpassungsf\u00e4higkeit, Verwandlung, Intuition, Schutz und Spiritualit\u00e4t.<\/p>\n<\/blockquote>\n<div class='et-learn-more clearfix'>\n\t\t\t\t\t<h3 class='heading-more'>Beschreibung lesen<span class='et_learnmore_arrow'><span><\/span><\/span><\/h3>\n\t\t\t\t\t<div class='learn-more-content'>Sorgf\u00e4ltig von Hand gefertigt.<\/p>\n<p>Jeder Strich, jeder Farbton wird mit Pr\u00e4zision aufgetragen, um eine unvergleichliche Qualit\u00e4t und Authentizit\u00e4t zu gew\u00e4hrleisten.<\/p>\n<p>Dieser Pareo wird aus unvergleichlich weichen Naturfasern hergestellt und bietet ein ultimatives Gef\u00fchl von Komfort auf der zarten Haut Ihres Kindes. Er ist leicht und luftig und eignet sich perfekt f\u00fcr sonnige Tage, an denen Sie am Meer spielen.<\/p>\n<p>Er ist mehr als nur ein Strandaccessoire, das Ihr Kind mit Stil und Raffinesse auf all seinen sommerlichen Ausfl\u00fcgen begleitet, er kann auf viele verschiedene Arten getragen werden.<\/p>\n<p>Einige Knoten werden in unserer gedruckten Anleitung erkl\u00e4rt und illustriert, die Sie zusammen mit dem Pareo und dem kostenlosen Kokosnuss-Clip erhalten.<\/p>\n<p>Dimensions : 150 cm x 92 cm .<\/div>\n\t\t\t\t<\/div>\n","protected":false},"excerpt":{"rendered":"<p>Mini-Pareo 3 Geckos Red, in Java von Hand auf leichter Viskose bemalt. Kompakt und vielseitig \u2014 Schal, G\u00fcrtel, Top oder Kinder-Pareo. Einzigartiges Kunsthandwerk.<\/p>\n","protected":false},"featured_media":9814,"template":"","meta":{"_seopress_robots_primary_cat":"none","_seopress_titles_title":"Pareo 3 Geckos Red \u2013 Handgefertigter Java-Batik | The Batik Store","_seopress_titles_desc":"Ein origineller, handgefertigter Pareo f\u00fcr Kinder, handbemalt auf einem hochwertigen Stoff: Das ist das Versprechen von The Batik Store! Motiv 3 Geckos Red.","_seopress_robots_index":"","_et_pb_use_builder":"","_et_pb_old_content":"","_et_gb_content_width":""},"product_brand":[],"product_cat":[78],"product_tag":[],"class_list":{"0":"post-4790","1":"product","2":"type-product","3":"status-publish","4":"has-post-thumbnail","6":"product_cat-pareos-kleine-groesse","8":"first","9":"instock","10":"shipping-taxable","11":"purchasable","12":"product-type-simple","13":"add-to-wishlist-after_add_to_cart"},"_links":{"self":[{"href":"https:\/\/thebatikstore.com\/de\/wp-json\/wp\/v2\/product\/4790","targetHints":{"allow":["GET"]}}],"collection":[{"href":"https:\/\/thebatikstore.com\/de\/wp-json\/wp\/v2\/product"}],"about":[{"href":"https:\/\/thebatikstore.com\/de\/wp-json\/wp\/v2\/types\/product"}],"wp:featuredmedia":[{"embeddable":true,"href":"https:\/\/thebatikstore.com\/de\/wp-json\/wp\/v2\/media\/9814"}],"wp:attachment":[{"href":"https:\/\/thebatikstore.com\/de\/wp-json\/wp\/v2\/media?parent=4790"}],"wp:term":[{"taxonomy":"product_brand","embeddable":true,"href":"https:\/\/thebatikstore.com\/de\/wp-json\/wp\/v2\/product_brand?post=4790"},{"taxonomy":"product_cat","embeddable":true,"href":"https:\/\/thebatikstore.com\/de\/wp-json\/wp\/v2\/product_cat?post=4790"},{"taxonomy":"product_tag","embeddable":true,"href":"https:\/\/thebatikstore.com\/de\/wp-json\/wp\/v2\/product_tag?post=4790"}],"curies":[{"name":"wp","href":"https:\/\/api.w.org\/{rel}","templated":true}]}}