{"id":4799,"date":"2024-07-29T21:47:54","date_gmt":"2024-07-29T19:47:54","guid":{"rendered":"https:\/\/thebatikstore.com\/?post_type=product&#038;p=4799"},"modified":"2026-04-23T15:52:52","modified_gmt":"2026-04-23T13:52:52","slug":"dolphins-3","status":"publish","type":"product","link":"https:\/\/thebatikstore.com\/de\/shop\/pareos-kleine-groesse\/dolphins-3\/","title":{"rendered":"Pareo Dolphins"},"content":{"rendered":"<p>Pareo im Kleinformat<\/p>\n<blockquote><p>Delfine sind fr\u00f6hliche und gesellige Meeresbewohner, die Freundschaft und Kameradschaft symbolisieren. Ihre Intelligenz und ihr spielerisches Verhalten rufen auch Neugierde und Staunen \u00fcber die Welt um sie herum hervor. Dar\u00fcber hinaus werden Delfine in vielen Kulturen als Besch\u00fctzer der Ozeane angesehen, was uns daran erinnert, wie wichtig es ist, auf unsere Meeresumwelt zu achten.<\/p><\/blockquote>\n<div class='et-learn-more clearfix'>\n\t\t\t\t\t<h3 class='heading-more'>Beschreibung lesen<span class='et_learnmore_arrow'><span><\/span><\/span><\/h3>\n\t\t\t\t\t<div class='learn-more-content'>Sorgf\u00e4ltig von Hand gefertigt.<\/p>\n<p>Jeder Strich, jeder Farbton wird mit Pr\u00e4zision aufgetragen, um eine unvergleichliche Qualit\u00e4t und Authentizit\u00e4t zu gew\u00e4hrleisten.<\/p>\n<p>Dieser Pareo wird aus unvergleichlich weichen Naturfasern hergestellt und bietet ein ultimatives Gef\u00fchl von Komfort auf der zarten Haut Ihres Kindes. Er ist leicht und luftig und eignet sich perfekt f\u00fcr sonnige Tage, an denen Sie am Meer spielen.<\/p>\n<p>Er ist mehr als nur ein Strandaccessoire, das Ihr Kind mit Stil und Raffinesse auf all seinen sommerlichen Ausfl\u00fcgen begleitet, er kann auf viele verschiedene Arten getragen werden.<\/p>\n<p>Einige Knoten werden in unserer gedruckten Anleitung erkl\u00e4rt und illustriert, die Sie zusammen mit dem Pareo und dem kostenlosen Kokosnuss-Clip erhalten.<\/p>\n<p>Dimensions : 150 cm x 92 cm .<\/div>\n\t\t\t\t<\/div>\n","protected":false},"excerpt":{"rendered":"<p>Kleiner Pareo Dolphins, Java-Batik handgefertigt auf Viskose. Vielseitig einsetzbar: Schal, G\u00fcrtel oder Kinderkleidung. Signatur-Motiv und feine Verarbeitung.<\/p>\n","protected":false},"featured_media":9111,"template":"","meta":{"_seopress_robots_primary_cat":"none","_seopress_titles_title":"Pareo Dolphins \u2013 Handgefertigter Java-Batik | The Batik Store","_seopress_titles_desc":"Ein origineller, handgefertigter Pareo f\u00fcr Kinder, handbemalt auf einem hochwertigen Stoff: Das ist das Versprechen von The Batik Store! Dolphins-Motiv .","_seopress_robots_index":"","_et_pb_use_builder":"","_et_pb_old_content":"","_et_gb_content_width":""},"product_brand":[],"product_cat":[78],"product_tag":[],"class_list":{"0":"post-4799","1":"product","2":"type-product","3":"status-publish","4":"has-post-thumbnail","6":"product_cat-pareos-kleine-groesse","8":"first","9":"instock","10":"shipping-taxable","11":"purchasable","12":"product-type-simple","13":"add-to-wishlist-after_add_to_cart"},"_links":{"self":[{"href":"https:\/\/thebatikstore.com\/de\/wp-json\/wp\/v2\/product\/4799","targetHints":{"allow":["GET"]}}],"collection":[{"href":"https:\/\/thebatikstore.com\/de\/wp-json\/wp\/v2\/product"}],"about":[{"href":"https:\/\/thebatikstore.com\/de\/wp-json\/wp\/v2\/types\/product"}],"wp:featuredmedia":[{"embeddable":true,"href":"https:\/\/thebatikstore.com\/de\/wp-json\/wp\/v2\/media\/9111"}],"wp:attachment":[{"href":"https:\/\/thebatikstore.com\/de\/wp-json\/wp\/v2\/media?parent=4799"}],"wp:term":[{"taxonomy":"product_brand","embeddable":true,"href":"https:\/\/thebatikstore.com\/de\/wp-json\/wp\/v2\/product_brand?post=4799"},{"taxonomy":"product_cat","embeddable":true,"href":"https:\/\/thebatikstore.com\/de\/wp-json\/wp\/v2\/product_cat?post=4799"},{"taxonomy":"product_tag","embeddable":true,"href":"https:\/\/thebatikstore.com\/de\/wp-json\/wp\/v2\/product_tag?post=4799"}],"curies":[{"name":"wp","href":"https:\/\/api.w.org\/{rel}","templated":true}]}}