{"id":4900,"date":"2024-09-11T10:00:11","date_gmt":"2024-09-11T08:00:11","guid":{"rendered":"https:\/\/thebatikstore.com\/boutique\/unkategorisiert\/turtle-2\/"},"modified":"2026-04-23T15:52:33","modified_gmt":"2026-04-23T13:52:33","slug":"turtle-2","status":"publish","type":"product","link":"https:\/\/thebatikstore.com\/de\/shop\/pareo-getragen\/turtle-2\/","title":{"rendered":"Pareo Turtle 2"},"content":{"rendered":"<blockquote><p>Die Meeresschildkr\u00f6te verk\u00f6rpert uralte Weisheit und Ausdauer, da sie seit Urzeiten durch die Ozeane segelt. Ihre R\u00fcckkehr an die Str\u00e4nde, um ihre Eier abzulegen, symbolisiert den Kreislauf des Lebens, Geduld und eine tiefe Verbindung zu den Urkr\u00e4ften der Natur. <\/p><\/blockquote>\n<p class=\"p1\"><span class=\"s1\">Handgefertigte Kreation in limitierter Auflage .<\/span><\/p>\n<p class=\"p1\"><span class=\"s1\"><div class='et-learn-more clearfix'>\n\t\t\t\t\t<h3 class='heading-more'>Beschreibung lesen<span class='et_learnmore_arrow'><span><\/span><\/span><\/h3>\n\t\t\t\t\t<div class='learn-more-content'>Ein handgefertigtes Einzelst\u00fcck, das mit Sorgfalt hergestellt wird und zeitgen\u00f6ssisches Design mit traditioneller javanischer Batikkunst verbindet.<\/span><\/p>\n<p class=\"p1\"><span class=\"s1\">Handbemalt mit erstklassigen Materialien, verbindet der hochwertige Stoff Komfort und Haltbarkeit mit einer dichten Webart, die ihm eine exquisite Weichheit und au\u00dfergew\u00f6hnliche Festigkeit verleiht.<\/span><\/p>\n<p class=\"p1\"><span class=\"s1\">Dank seiner gro\u00dfen Gr\u00f6\u00dfe wird dieser Pareo zu einem vielseitigen und eleganten Kleidungsst\u00fcck, das auf viele verschiedene Arten getragen werden kann.<\/span><\/p>\n<p class=\"p1\"><span class=\"s1\">Einige Knoten werden in unserer gedruckten Anleitung erkl\u00e4rt und illustriert, die Sie mit Ihrem Pareo zusammen mit der Kokosnussklammer (kostenlos) erhalten.<\/span><\/p>\n<p class=\"p1\"><span class=\"s1\">Bei hei\u00dfem Wetter k\u00fchlend, bei k\u00fchlem Wetter w\u00e4rmend, bietet dieser Pareo bei jeder Verwendung ein komfortables Erlebnis: als Sommerkleidung, Strandtuch, Badetuch, Schal, Tuch oder Halstuch.<\/span><\/p>\n<p class=\"p1\"><span class=\"s1\">Gr\u00f6\u00dfe des Pareos: 190 cm \u00d7 115 cm<\/div>\n\t\t\t\t<\/div><\/span><\/p>\n","protected":false},"excerpt":{"rendered":"<p>Pareo Turtle 2, handbemalter Java-Batik auf flie\u00dfender Viskose. Lebhafte Farben und originelles Motiv \u2014 perfekt f\u00fcr Strand, Stadt oder als Pareo-Kleid.<\/p>\n","protected":false},"featured_media":8883,"template":"","meta":{"_seopress_robots_primary_cat":"none","_seopress_titles_title":"Pareo Turtle 2 \u2013 Handgefertigter Java-Batik | The Batik Store","_seopress_titles_desc":"Ein origineller, handgefertigter Pareo, handbemalt auf einem hochwertigen Stoff: Das ist das Versprechen von The Batik Store ! Motif Turtle 2 . ","_seopress_robots_index":"","_et_pb_use_builder":"","_et_pb_old_content":"","_et_gb_content_width":""},"product_brand":[],"product_cat":[67],"product_tag":[],"class_list":{"0":"post-4900","1":"product","2":"type-product","3":"status-publish","4":"has-post-thumbnail","6":"product_cat-pareo-getragen","8":"first","9":"instock","10":"shipping-taxable","11":"purchasable","12":"product-type-simple","13":"add-to-wishlist-after_add_to_cart"},"_links":{"self":[{"href":"https:\/\/thebatikstore.com\/de\/wp-json\/wp\/v2\/product\/4900","targetHints":{"allow":["GET"]}}],"collection":[{"href":"https:\/\/thebatikstore.com\/de\/wp-json\/wp\/v2\/product"}],"about":[{"href":"https:\/\/thebatikstore.com\/de\/wp-json\/wp\/v2\/types\/product"}],"wp:featuredmedia":[{"embeddable":true,"href":"https:\/\/thebatikstore.com\/de\/wp-json\/wp\/v2\/media\/8883"}],"wp:attachment":[{"href":"https:\/\/thebatikstore.com\/de\/wp-json\/wp\/v2\/media?parent=4900"}],"wp:term":[{"taxonomy":"product_brand","embeddable":true,"href":"https:\/\/thebatikstore.com\/de\/wp-json\/wp\/v2\/product_brand?post=4900"},{"taxonomy":"product_cat","embeddable":true,"href":"https:\/\/thebatikstore.com\/de\/wp-json\/wp\/v2\/product_cat?post=4900"},{"taxonomy":"product_tag","embeddable":true,"href":"https:\/\/thebatikstore.com\/de\/wp-json\/wp\/v2\/product_tag?post=4900"}],"curies":[{"name":"wp","href":"https:\/\/api.w.org\/{rel}","templated":true}]}}