{"id":4910,"date":"2024-09-21T01:19:25","date_gmt":"2024-09-20T23:19:25","guid":{"rendered":"https:\/\/thebatikstore.com\/boutique\/unkategorisiert\/matisse\/"},"modified":"2026-05-08T19:25:21","modified_gmt":"2026-05-08T17:25:21","slug":"matisse-pareo","status":"publish","type":"product","link":"https:\/\/thebatikstore.com\/de\/shop\/pareo-getragen\/matisse-pareo\/","title":{"rendered":"Pareo Matisse"},"content":{"rendered":"<blockquote>\n<p class=\"p1\">Obwohl Matisse Polynesien nie besuchte, war er tief von seiner Kunst und Kultur beeinflusst. Seine Werke spiegeln oft Motive und Formen wider, die von der polynesischen Kunst inspiriert wurden, und zeugen von einer anhaltenden Faszination. Diese spirituelle und \u00e4sthetische Verbindung bereicherte seine k\u00fcnstlerische Sprache und trug zur Schaffung von Werken bei, die von Exotik und Vitalit\u00e4t gepr\u00e4gt sind.  <\/p>\n<\/blockquote>\n<div class='et-learn-more clearfix'>\n\t\t\t\t\t<h3 class='heading-more'>Beschreibung lesen<span class='et_learnmore_arrow'><span><\/span><\/span><\/h3>\n\t\t\t\t\t<div class='learn-more-content'>Ein handgefertigtes Einzelst\u00fcck, das mit Sorgfalt hergestellt wird und zeitgen\u00f6ssisches Design mit traditionellem javanischem Batik-Know-how verbindet.<\/p>\n<p>Handbemalt mit hochwertigen Materialien, verbindet der erstklassige Stoff Komfort und Langlebigkeit durch eine dichte Webart, die ihm exquisite Weichheit und au\u00dfergew\u00f6hnliche Widerstandsf\u00e4higkeit verleiht.<\/p>\n<p>Dank seiner gro\u00dfz\u00fcgigen Gr\u00f6\u00dfe kann er als echtes vielseitiges und elegantes Kleidungsst\u00fcck auf verschiedene Weise getragen werden.<\/p>\n<p>Einige Knoten werden in unserer gedruckten Gebrauchsanweisung erkl\u00e4rt und illustriert, die Ihnen zusammen mit Ihrem Pareo zugesendet wird, mithilfe der mitgelieferten Kokosnuss-Schnalle (gratis).<\/p>\n<p>Dieser Pareo ist bei hei\u00dfem Wetter k\u00fchlend und bei kaltem Wetter w\u00e4rmend und bietet bei jedem Gebrauch ein komfortables Erlebnis, sei es als Sommerkleidung, Strandtuch, Badetuch, Schal, Tuch, Halstuch, &#8230;<\/p>\n<p>Gr\u00f6\u00dfe des Pareos: 190 cm x 115 cm<\/div>\n\t\t\t\t<\/div>\n","protected":false},"excerpt":{"rendered":"<p>Pareo Matisse, handbemalter Java-Batik auf flie\u00dfender Viskose. Lebhafte Farben und originelles Motiv \u2014 perfekt f\u00fcr Strand, Stadt oder als Pareo-Kleid.<\/p>\n","protected":false},"featured_media":9009,"template":"","meta":{"_seopress_robots_primary_cat":"none","_seopress_titles_title":"Pareo Matisse \u2013 Handgefertigter Java-Batik | The Batik Store","_seopress_titles_desc":"Ein origineller, handgefertigter Pareo, handbemalt auf einem hochwertigen Stoff: Das ist das Versprechen von The Batik Store ! Motif Matisse . ","_seopress_robots_index":"","_et_pb_use_builder":"","_et_pb_old_content":"","_et_gb_content_width":""},"product_brand":[],"product_cat":[67],"product_tag":[],"class_list":{"0":"post-4910","1":"product","2":"type-product","3":"status-publish","4":"has-post-thumbnail","6":"product_cat-pareo-getragen","8":"first","9":"instock","10":"shipping-taxable","11":"purchasable","12":"product-type-simple","13":"add-to-wishlist-after_add_to_cart"},"_links":{"self":[{"href":"https:\/\/thebatikstore.com\/de\/wp-json\/wp\/v2\/product\/4910","targetHints":{"allow":["GET"]}}],"collection":[{"href":"https:\/\/thebatikstore.com\/de\/wp-json\/wp\/v2\/product"}],"about":[{"href":"https:\/\/thebatikstore.com\/de\/wp-json\/wp\/v2\/types\/product"}],"wp:featuredmedia":[{"embeddable":true,"href":"https:\/\/thebatikstore.com\/de\/wp-json\/wp\/v2\/media\/9009"}],"wp:attachment":[{"href":"https:\/\/thebatikstore.com\/de\/wp-json\/wp\/v2\/media?parent=4910"}],"wp:term":[{"taxonomy":"product_brand","embeddable":true,"href":"https:\/\/thebatikstore.com\/de\/wp-json\/wp\/v2\/product_brand?post=4910"},{"taxonomy":"product_cat","embeddable":true,"href":"https:\/\/thebatikstore.com\/de\/wp-json\/wp\/v2\/product_cat?post=4910"},{"taxonomy":"product_tag","embeddable":true,"href":"https:\/\/thebatikstore.com\/de\/wp-json\/wp\/v2\/product_tag?post=4910"}],"curies":[{"name":"wp","href":"https:\/\/api.w.org\/{rel}","templated":true}]}}