{"id":4924,"date":"2024-10-01T19:18:54","date_gmt":"2024-10-01T17:18:54","guid":{"rendered":"https:\/\/thebatikstore.com\/boutique\/unkategorisiert\/kolibri-1\/"},"modified":"2026-05-08T19:25:15","modified_gmt":"2026-05-08T17:25:15","slug":"kolibri-1-pareo","status":"publish","type":"product","link":"https:\/\/thebatikstore.com\/de\/shop\/pareo-getragen\/kolibri-1-pareo\/","title":{"rendered":"Pareo Kolibri 1"},"content":{"rendered":"<blockquote><p>Der Kolibri, ein exotisches Symbol f\u00fcr Anmut und Lebendigkeit, zieht mit seiner zarten Gr\u00f6\u00dfe und seinen bezaubernden Flugbewegungen, die an raffinierte Eleganz erinnern, die Bewunderung von Kennern auf sich. Sein schillerndes Gefieder, das wie ein fliegendes Schmuckst\u00fcck aussieht, f\u00e4ngt die Aufmerksamkeit der anspruchsvollsten \u00c4stheten ein und symbolisiert den Luxus und die Exklusivit\u00e4t der Natur. Er ist ein wahres Kunstwerk in Bewegung und eine Quelle des Staunens f\u00fcr alle, die die subtilen Sch\u00e4tze des Lebens zu sch\u00e4tzen wissen.<\/p><\/blockquote>\n<p class=\"p1\"><span class=\"s1\">Handgefertigte Kreation in limitierter Auflage.<\/span><\/p>\n<p class=\"p3\"><span class=\"s1\"><div class='et-learn-more clearfix'>\n\t\t\t\t\t<h3 class='heading-more'>Beschreibung Lesen<span class='et_learnmore_arrow'><span><\/span><\/span><\/h3>\n\t\t\t\t\t<div class='learn-more-content'>Dieser handgefertigte und einzigartige Pareo vereint modernes Design mit traditioneller javanischer Batiktechnik.<\/span><\/p>\n<p class=\"p3\"><span class=\"s1\">Der hochwertige Stoff, handbemalt mit erstklassigen Materialien, kombiniert dank seiner dichten Webart Komfort und Langlebigkeit und ist dadurch besonders weich und robust. <\/span><\/p>\n<p class=\"p3\"><span class=\"s1\">Dank seiner gro\u00dfz\u00fcgigen Gr\u00f6\u00dfe ist dieser Pareo ein vielseitiges und elegantes Kleidungsst\u00fcck, das sich auf vielf\u00e4ltige Weise tragen l\u00e4sst. <\/span><\/p>\n<p class=\"p3\"><span class=\"s1\">Einige Knoten werden in unserer beiliegenden Anleitung erkl\u00e4rt und abgebildet. Dabei kommt die mitgelieferte Kokosnuss-Schlaufe zum Einsatz. <\/span><\/p>\n<p class=\"p3\"><span class=\"s1\">Erfrischend bei warmem Wetter und wohltuend bei K\u00fchle bietet dieser Pareo ein angenehmes Tragegef\u00fchl \u2013 ob als Sommerkleidung, Strandtuch, Badetuch, Schal, Tuch oder Stola. <\/span><\/p>\n<p class=\"p3\"><span class=\"s1\">Pareo-Gr\u00f6\u00dfe: 190 cm \u00d7 115 cm<\/div>\n\t\t\t\t<\/div><\/span><\/p>\n<p>&nbsp;<\/p>\n<p class=\"p1\" style=\"text-align: center\"><span class=\"s1\">Wie viele Kreationen unserer Kollektion kann auch das Modell KOLIBRI 1 als wahres textiles Kunstwerk betrachtet werden, das einem Interieur W\u00e4rme, Tiefe und eine zeitgen\u00f6ssische und pers\u00f6nliche Note verleiht.<\/span><\/p>\n<p class=\"p1\" style=\"text-align: center\"><span class=\"s1\"><a href='https:\/\/thebatikstore.com\/wp-content\/uploads\/2025\/02\/pareo-deco-kolibri-1-the-batik-store.jpg' class='small-button smallblack'>KOLIBRI 1 als Kunstobjekt entdecken<\/a><\/span><\/p>\n","protected":false},"excerpt":{"rendered":"<p>Pareo Kolibri 1, handbemalter Java-Batik auf flie\u00dfender Viskose. Lebhafte Farben und originelles Motiv \u2014 perfekt f\u00fcr Strand, Stadt oder als Pareo-Kleid.<\/p>\n","protected":false},"featured_media":8865,"template":"","meta":{"_seopress_robots_primary_cat":"none","_seopress_titles_title":"Pareo Kolibri 1 \u2013 Handgefertigter Java-Batik | The Batik Store","_seopress_titles_desc":"Ein origineller, handgefertigter Pareo, handbemalt auf einem hochwertigen Stoff: Das ist das Versprechen von The Batik Store ! Motif Kolibri 1 .","_seopress_robots_index":"","_et_pb_use_builder":"","_et_pb_old_content":"","_et_gb_content_width":""},"product_brand":[],"product_cat":[67],"product_tag":[],"class_list":{"0":"post-4924","1":"product","2":"type-product","3":"status-publish","4":"has-post-thumbnail","6":"product_cat-pareo-getragen","8":"first","9":"instock","10":"shipping-taxable","11":"purchasable","12":"product-type-simple","13":"add-to-wishlist-after_add_to_cart"},"_links":{"self":[{"href":"https:\/\/thebatikstore.com\/de\/wp-json\/wp\/v2\/product\/4924","targetHints":{"allow":["GET"]}}],"collection":[{"href":"https:\/\/thebatikstore.com\/de\/wp-json\/wp\/v2\/product"}],"about":[{"href":"https:\/\/thebatikstore.com\/de\/wp-json\/wp\/v2\/types\/product"}],"wp:featuredmedia":[{"embeddable":true,"href":"https:\/\/thebatikstore.com\/de\/wp-json\/wp\/v2\/media\/8865"}],"wp:attachment":[{"href":"https:\/\/thebatikstore.com\/de\/wp-json\/wp\/v2\/media?parent=4924"}],"wp:term":[{"taxonomy":"product_brand","embeddable":true,"href":"https:\/\/thebatikstore.com\/de\/wp-json\/wp\/v2\/product_brand?post=4924"},{"taxonomy":"product_cat","embeddable":true,"href":"https:\/\/thebatikstore.com\/de\/wp-json\/wp\/v2\/product_cat?post=4924"},{"taxonomy":"product_tag","embeddable":true,"href":"https:\/\/thebatikstore.com\/de\/wp-json\/wp\/v2\/product_tag?post=4924"}],"curies":[{"name":"wp","href":"https:\/\/api.w.org\/{rel}","templated":true}]}}