{"id":4941,"date":"2024-09-29T23:00:31","date_gmt":"2024-09-29T21:00:31","guid":{"rendered":"https:\/\/thebatikstore.com\/boutique\/unkategorisiert\/maori-turtle\/"},"modified":"2026-05-08T19:26:12","modified_gmt":"2026-05-08T17:26:12","slug":"maori-turtle-pareo","status":"publish","type":"product","link":"https:\/\/thebatikstore.com\/de\/shop\/pareo-getragen\/maori-turtle-pareo\/","title":{"rendered":"Pareo Maori Turtle"},"content":{"rendered":"<blockquote><p>Bei den Maori hat die Schildkr\u00f6te eine gro\u00dfe Bedeutung. Es gilt als Symbol f\u00fcr Langlebigkeit, Frieden, Stabilit\u00e4t und Fruchtbarkeit. Der \u00dcberlieferung nach ist die Schildkr\u00f6te mit einer Sch\u00f6pfungslegende verbunden, die besagt, dass der Gott Maui eine riesige Schildkr\u00f6te fing, um die Erde zu erschaffen. Die Maori glauben auch, dass Schildkr\u00f6ten eine spirituelle Verbindung zu ihren Vorfahren haben und ihnen im t\u00e4glichen Leben Orientierung bieten k\u00f6nnen.<br \/>\nDer Mantarochen in der Mitte symbolisiert den Schutz der Menschen und die Bewahrung der Ozeane.   <\/p><\/blockquote>\n<div class='et-learn-more clearfix'>\n\t\t\t\t\t<h3 class='heading-more'>Beschreibung lesen<span class='et_learnmore_arrow'><span><\/span><\/span><\/h3>\n\t\t\t\t\t<div class='learn-more-content'>Ein handgefertigtes Einzelst\u00fcck, das mit Sorgfalt hergestellt wird und zeitgen\u00f6ssisches Design mit traditionellem javanischem Batik-Know-how verbindet.<\/p>\n<p>Handbemalt mit hochwertigen Materialien, verbindet der erstklassige Stoff Komfort und Langlebigkeit durch eine dichte Webart, die ihm exquisite Weichheit und au\u00dfergew\u00f6hnliche Widerstandsf\u00e4higkeit verleiht.<\/p>\n<p>Dank seiner gro\u00dfz\u00fcgigen Gr\u00f6\u00dfe kann er als echtes vielseitiges und elegantes Kleidungsst\u00fcck auf verschiedene Weise getragen werden.<\/p>\n<p>Einige Knoten werden in unserer gedruckten Gebrauchsanweisung erkl\u00e4rt und illustriert, die Ihnen zusammen mit Ihrem Pareo zugesendet wird, mithilfe der mitgelieferten Kokosnuss-Schnalle (gratis).<\/p>\n<p>Dieser Pareo ist bei hei\u00dfem Wetter k\u00fchlend und bei kaltem Wetter w\u00e4rmend und bietet bei jedem Gebrauch ein komfortables Erlebnis, sei es als Sommerkleidung, Strandtuch, Badetuch, Schal, Tuch, Halstuch, &#8230;<\/p>\n<p>Gr\u00f6\u00dfe des Pareos: 190 cm x 115 cm<\/div>\n\t\t\t\t<\/div>\n","protected":false},"excerpt":{"rendered":"<p>Pareo Maori Turtle, Kunsthandwerk aus Java auf hochwertiger Viskose. Feine Verarbeitung und einzigartiger Charakter \u2014 ein eleganter Klassiker f\u00fcr die Garderobe.<\/p>\n","protected":false},"featured_media":9015,"template":"","meta":{"_seopress_robots_primary_cat":"none","_seopress_titles_title":"Pareo Maori Turtle \u2013 Handgefertigter Java-Batik | The Batik Store","_seopress_titles_desc":"Ein origineller, handgefertigter Pareo, handbemalt auf einem hochwertigen Stoff: Das ist das Versprechen von The Batik Store ! Motif Maori Turtle . ","_seopress_robots_index":"","_et_pb_use_builder":"","_et_pb_old_content":"","_et_gb_content_width":""},"product_brand":[],"product_cat":[67],"product_tag":[],"class_list":{"0":"post-4941","1":"product","2":"type-product","3":"status-publish","4":"has-post-thumbnail","6":"product_cat-pareo-getragen","8":"first","9":"instock","10":"shipping-taxable","11":"purchasable","12":"product-type-simple","13":"add-to-wishlist-after_add_to_cart"},"_links":{"self":[{"href":"https:\/\/thebatikstore.com\/de\/wp-json\/wp\/v2\/product\/4941","targetHints":{"allow":["GET"]}}],"collection":[{"href":"https:\/\/thebatikstore.com\/de\/wp-json\/wp\/v2\/product"}],"about":[{"href":"https:\/\/thebatikstore.com\/de\/wp-json\/wp\/v2\/types\/product"}],"wp:featuredmedia":[{"embeddable":true,"href":"https:\/\/thebatikstore.com\/de\/wp-json\/wp\/v2\/media\/9015"}],"wp:attachment":[{"href":"https:\/\/thebatikstore.com\/de\/wp-json\/wp\/v2\/media?parent=4941"}],"wp:term":[{"taxonomy":"product_brand","embeddable":true,"href":"https:\/\/thebatikstore.com\/de\/wp-json\/wp\/v2\/product_brand?post=4941"},{"taxonomy":"product_cat","embeddable":true,"href":"https:\/\/thebatikstore.com\/de\/wp-json\/wp\/v2\/product_cat?post=4941"},{"taxonomy":"product_tag","embeddable":true,"href":"https:\/\/thebatikstore.com\/de\/wp-json\/wp\/v2\/product_tag?post=4941"}],"curies":[{"name":"wp","href":"https:\/\/api.w.org\/{rel}","templated":true}]}}