{"id":8304,"date":"2024-12-17T18:00:53","date_gmt":"2024-12-17T17:00:53","guid":{"rendered":"https:\/\/thebatikstore.com\/?post_type=product&#038;p=8304"},"modified":"2026-04-23T15:51:55","modified_gmt":"2026-04-23T13:51:55","slug":"kura-kura-2-2","status":"publish","type":"product","link":"https:\/\/thebatikstore.com\/de\/shop\/wandbehang\/kura-kura-2-2\/","title":{"rendered":"Tenture Kura-kura 2"},"content":{"rendered":"<blockquote>\n<p class=\"p1\">Kura-kura &#8230; bedeutet \u201eSchildkr\u00f6te\u201c auf Indonesisch.<\/p>\n<\/blockquote>\n<p>Handgefertigte Kreation in limitierter Auflage .<\/p>\n<div class='et-learn-more clearfix'>\n\t\t\t\t\t<h3 class='heading-more'>Beschreibung lesen<span class='et_learnmore_arrow'><span><\/span><\/span><\/h3>\n\t\t\t\t\t<div class='learn-more-content'>Verleihen Sie Ihrem Interieur einen Hauch von Eleganz und W\u00e4rme mit unseren Batik-Wandbeh\u00e4ngen, die vollst\u00e4ndig in Handarbeit aus au\u00dfergew\u00f6hnlicher Baumwolle gefertigt und mit originellen Designs verziert sind.<\/p>\n<p>Dank ihrer Gr\u00f6\u00dfe und leuchtenden Farben stechen sie als einzigartige St\u00fccke hervor.<\/p>\n<p>Sie eignen sich ideal zum Dekorieren von W\u00e4nden, als Tagesdecke oder zur Schaffung einer bohemischen Atmosph\u00e4re als Raumteiler und k\u00f6nnen auch im Freien als Sonnensegel oder Picknickdecke verwendet werden.<\/p>\n<p>Jedes einzelne St\u00fcck zeugt von au\u00dfergew\u00f6hnlicher Handwerkskunst!<\/p>\n<p>Dank der Besonderheiten der Batik-Maltechnik ist jedes St\u00fcck ein Unikat.<\/p>\n<p>Gr\u00f6\u00dfe : 245 cm x 245 cm<\/p>\n<p>Material: Hochwertige Baumwolle<\/div>\n\t\t\t\t<\/div>\n","protected":false},"excerpt":{"rendered":"<p>Wandbehang Tenture Kura-kura 2, handwerklicher Java-Batik auf Baumwolle. Leuchtende Farben und Signatur-Motiv \u2014 ideal f\u00fcr Wand oder Sofa.<\/p>\n","protected":false},"featured_media":10974,"template":"","meta":{"_seopress_robots_primary_cat":"none","_seopress_titles_title":"Tenture Kura-kura 2 \u2013 Java-Batik | The Batik Store","_seopress_titles_desc":"Ein vielseitiger Wandbehang, der auch als Decke genutzt werden kann, handbemalt auf hochwertigstem Stoff aus Baumwolle : Das ist das Versprechen von The Batik Store ! Motiv Kura-kura 2 . ","_seopress_robots_index":"","_et_pb_use_builder":"","_et_pb_old_content":"","_et_gb_content_width":""},"product_brand":[],"product_cat":[100],"product_tag":[],"class_list":{"0":"post-8304","1":"product","2":"type-product","3":"status-publish","4":"has-post-thumbnail","6":"product_cat-wandbehang","8":"first","9":"instock","10":"shipping-taxable","11":"purchasable","12":"product-type-simple","13":"add-to-wishlist-after_add_to_cart"},"_links":{"self":[{"href":"https:\/\/thebatikstore.com\/de\/wp-json\/wp\/v2\/product\/8304","targetHints":{"allow":["GET"]}}],"collection":[{"href":"https:\/\/thebatikstore.com\/de\/wp-json\/wp\/v2\/product"}],"about":[{"href":"https:\/\/thebatikstore.com\/de\/wp-json\/wp\/v2\/types\/product"}],"wp:featuredmedia":[{"embeddable":true,"href":"https:\/\/thebatikstore.com\/de\/wp-json\/wp\/v2\/media\/10974"}],"wp:attachment":[{"href":"https:\/\/thebatikstore.com\/de\/wp-json\/wp\/v2\/media?parent=8304"}],"wp:term":[{"taxonomy":"product_brand","embeddable":true,"href":"https:\/\/thebatikstore.com\/de\/wp-json\/wp\/v2\/product_brand?post=8304"},{"taxonomy":"product_cat","embeddable":true,"href":"https:\/\/thebatikstore.com\/de\/wp-json\/wp\/v2\/product_cat?post=8304"},{"taxonomy":"product_tag","embeddable":true,"href":"https:\/\/thebatikstore.com\/de\/wp-json\/wp\/v2\/product_tag?post=8304"}],"curies":[{"name":"wp","href":"https:\/\/api.w.org\/{rel}","templated":true}]}}