{"id":8376,"date":"2024-12-18T13:43:36","date_gmt":"2024-12-18T12:43:36","guid":{"rendered":"https:\/\/thebatikstore.com\/?post_type=product&#038;p=8376"},"modified":"2026-04-23T15:51:48","modified_gmt":"2026-04-23T13:51:48","slug":"black-ying-yang-1","status":"publish","type":"product","link":"https:\/\/thebatikstore.com\/de\/shop\/wandbehang\/black-ying-yang-1\/","title":{"rendered":"Wandbehang Black Ying-Yang 1"},"content":{"rendered":"<blockquote>\n<p class=\"p1\">Das Konzept von Yin und Yang, aus der alten chinesischen Philosophie stammend, verk\u00f6rpert eine ausgewogene und harmonische Dualit\u00e4t im Universum. Es repr\u00e4sentiert die Komplementarit\u00e4t entgegengesetzter Kr\u00e4fte wie Licht und Dunkelheit, M\u00e4nnlich und Weiblich, und spiegelt so die grundlegende Verbindung aller Aspekte des Lebens wider. Dieses zeitlose Symbol erinnert uns an die Bedeutung, Gleichgewicht und Harmonie in unseren Gedanken, Handlungen und Beziehungen zu suchen, um ein erf\u00fclltes und harmonisches Leben zu erreichen.  <\/p>\n<\/blockquote>\n<p>Handgefertigte Kreation in limitierter Auflage .<\/p>\n<div class='et-learn-more clearfix'>\n\t\t\t\t\t<h3 class='heading-more'>Beschreibung lesen<span class='et_learnmore_arrow'><span><\/span><\/span><\/h3>\n\t\t\t\t\t<div class='learn-more-content'>Verleihen Sie Ihrem Interieur einen Hauch von Eleganz und W\u00e4rme mit unseren Batik-Wandbeh\u00e4ngen, die vollst\u00e4ndig in Handarbeit aus au\u00dfergew\u00f6hnlicher Baumwolle gefertigt und mit originellen Designs verziert sind.<\/p>\n<p>Dank ihrer Gr\u00f6\u00dfe und leuchtenden Farben stechen sie als einzigartige St\u00fccke hervor.<\/p>\n<p>Sie eignen sich ideal zum Dekorieren von W\u00e4nden, als Tagesdecke oder zur Schaffung einer bohemischen Atmosph\u00e4re als Raumteiler und k\u00f6nnen auch im Freien als Sonnensegel oder Picknickdecke verwendet werden.<\/p>\n<p>Jedes einzelne St\u00fcck zeugt von au\u00dfergew\u00f6hnlicher Handwerkskunst!<\/p>\n<p>Dank der Besonderheiten der Batik-Maltechnik ist jedes St\u00fcck ein Unikat.<\/p>\n<p>Gr\u00f6\u00dfe : 245 cm x 245 cm<\/p>\n<p>Material: Hochwertige Baumwolle<\/div>\n\t\t\t\t<\/div>\n","protected":false},"excerpt":{"rendered":"<p>Wandbehang Black Ying-Yang 1, handwerklicher Java-Batik auf Baumwolle. Leuchtende Farben und Signatur-Motiv \u2014 ideal f\u00fcr Wand oder Sofa.<\/p>\n","protected":false},"featured_media":11202,"template":"","meta":{"_seopress_robots_primary_cat":"none","_seopress_titles_title":"Wandbehang Black Ying-Yang 1 \u2013 Java-Batik | The Batik Store","_seopress_titles_desc":"Ein vielseitiger Wandbehang, der auch als Decke genutzt werden kann, handbemalt auf hochwertigstem Stoff aus Baumwolle : Das ist das Versprechen von The Batik Store ! Motiv Black Ying-Yang 1 . ","_seopress_robots_index":"","_et_pb_use_builder":"","_et_pb_old_content":"","_et_gb_content_width":""},"product_brand":[],"product_cat":[100],"product_tag":[],"class_list":{"0":"post-8376","1":"product","2":"type-product","3":"status-publish","4":"has-post-thumbnail","6":"product_cat-wandbehang","8":"first","9":"instock","10":"shipping-taxable","11":"purchasable","12":"product-type-simple","13":"add-to-wishlist-after_add_to_cart"},"_links":{"self":[{"href":"https:\/\/thebatikstore.com\/de\/wp-json\/wp\/v2\/product\/8376","targetHints":{"allow":["GET"]}}],"collection":[{"href":"https:\/\/thebatikstore.com\/de\/wp-json\/wp\/v2\/product"}],"about":[{"href":"https:\/\/thebatikstore.com\/de\/wp-json\/wp\/v2\/types\/product"}],"wp:featuredmedia":[{"embeddable":true,"href":"https:\/\/thebatikstore.com\/de\/wp-json\/wp\/v2\/media\/11202"}],"wp:attachment":[{"href":"https:\/\/thebatikstore.com\/de\/wp-json\/wp\/v2\/media?parent=8376"}],"wp:term":[{"taxonomy":"product_brand","embeddable":true,"href":"https:\/\/thebatikstore.com\/de\/wp-json\/wp\/v2\/product_brand?post=8376"},{"taxonomy":"product_cat","embeddable":true,"href":"https:\/\/thebatikstore.com\/de\/wp-json\/wp\/v2\/product_cat?post=8376"},{"taxonomy":"product_tag","embeddable":true,"href":"https:\/\/thebatikstore.com\/de\/wp-json\/wp\/v2\/product_tag?post=8376"}],"curies":[{"name":"wp","href":"https:\/\/api.w.org\/{rel}","templated":true}]}}