{"id":4780,"date":"2024-08-20T21:43:14","date_gmt":"2024-08-20T19:43:14","guid":{"rendered":"https:\/\/thebatikstore.com\/boutique\/uncategorized\/slug\/"},"modified":"2026-04-23T15:50:39","modified_gmt":"2026-04-23T13:50:39","slug":"snail","status":"publish","type":"product","link":"https:\/\/thebatikstore.com\/en\/shop\/pareo-small-size\/snail\/","title":{"rendered":"Pareo Snail"},"content":{"rendered":"<p>Pareo Small Size<\/p>\n<blockquote><p>Snails, although they may seem simple, often represent perseverance and resilience, as they overcome many obstacles in their environment. Their apparent slowness reminds us of the importance of taking our time and being patient in life. What&#8217;s more, in nature, snails play an essential role in recycling organic matter and maintaining the ecological balance, showing that every living thing has its place and its importance.<\/p><\/blockquote>\n<div class='et-learn-more clearfix'>\n\t\t\t\t\t<h3 class='heading-more'>Read the description<span class='et_learnmore_arrow'><span><\/span><\/span><\/h3>\n\t\t\t\t\t<div class='learn-more-content'>Meticulously handcrafted.<\/p>\n<p>Every stroke, every hue is applied with precision, guaranteeing unrivalled quality and unquestionable authenticity.<\/p>\n<p>Made from natural fibers of incomparable softness, this pareo offers the ultimate feeling of comfort against your child&#8217;s delicate skin. Light and airy, it&#8217;s perfect for sunny days spent playing by the ocean.<\/p>\n<p>Much more than a simple beach accessory that will accompany him on all his summer escapades with style and refinement, it can be worn in a multitude of ways.<\/p>\n<p>Some of the knots are explained and illustrated in our paper instructions, which come with the sarong, as well as the complimentary coconut buckle .<\/p>\n<p>Dimensions : 150 cm x 92 cm .<\/div>\n\t\t\t\t<\/div>\n","protected":false},"excerpt":{"rendered":"<p>Mini pareo Snail, hand-painted in Java on light viscose. Compact and versatile \u2014 scarf, belt, top or child&#8217;s pareo. Unique artisan piece.<\/p>\n","protected":false},"featured_media":9972,"template":"","meta":{"_seopress_robots_primary_cat":"none","_seopress_titles_title":"Pareo Snail \u2013 Handmade Java Batik | The Batik Store","_seopress_titles_desc":"Un par\u00e9o pour enfant original et artisanal peint \u00e0 la main sur un tissu de qualit\u00e9 : c'est la promesse de The Batik Store ! Motif Snail .","_seopress_robots_index":"","_et_pb_use_builder":"","_et_pb_old_content":"","_et_gb_content_width":""},"product_brand":[],"product_cat":[71],"product_tag":[],"class_list":{"0":"post-4780","1":"product","2":"type-product","3":"status-publish","4":"has-post-thumbnail","6":"product_cat-pareo-small-size","8":"first","9":"instock","10":"shipping-taxable","11":"purchasable","12":"product-type-simple","13":"add-to-wishlist-after_add_to_cart"},"_links":{"self":[{"href":"https:\/\/thebatikstore.com\/en\/wp-json\/wp\/v2\/product\/4780","targetHints":{"allow":["GET"]}}],"collection":[{"href":"https:\/\/thebatikstore.com\/en\/wp-json\/wp\/v2\/product"}],"about":[{"href":"https:\/\/thebatikstore.com\/en\/wp-json\/wp\/v2\/types\/product"}],"wp:featuredmedia":[{"embeddable":true,"href":"https:\/\/thebatikstore.com\/en\/wp-json\/wp\/v2\/media\/9972"}],"wp:attachment":[{"href":"https:\/\/thebatikstore.com\/en\/wp-json\/wp\/v2\/media?parent=4780"}],"wp:term":[{"taxonomy":"product_brand","embeddable":true,"href":"https:\/\/thebatikstore.com\/en\/wp-json\/wp\/v2\/product_brand?post=4780"},{"taxonomy":"product_cat","embeddable":true,"href":"https:\/\/thebatikstore.com\/en\/wp-json\/wp\/v2\/product_cat?post=4780"},{"taxonomy":"product_tag","embeddable":true,"href":"https:\/\/thebatikstore.com\/en\/wp-json\/wp\/v2\/product_tag?post=4780"}],"curies":[{"name":"wp","href":"https:\/\/api.w.org\/{rel}","templated":true}]}}