{"id":4804,"date":"2024-08-23T14:37:10","date_gmt":"2024-08-23T12:37:10","guid":{"rendered":"https:\/\/thebatikstore.com\/boutique\/uncategorized\/dolphins\/"},"modified":"2026-04-23T15:50:37","modified_gmt":"2026-04-23T13:50:37","slug":"dolphins","status":"publish","type":"product","link":"https:\/\/thebatikstore.com\/en\/shop\/pareo-worn\/dolphins\/","title":{"rendered":"Pareo Dolphins"},"content":{"rendered":"<blockquote><p>Dolphins are considered symbols of freedom and harmony with the ocean, representing grace and elegance in their fluid movement. Their exceptional intelligence also evokes wisdom and communication, nurturing deep bonds within their own species and with other sea creatures. Their playful, inquisitive nature is often associated with joy and benevolence, inspiring a sense of happiness and positivity in those who observe them.  <\/p><\/blockquote>\n<div class='et-learn-more clearfix'>\n\t\t\t\t\t<h3 class='heading-more'>Read the description<span class='et_learnmore_arrow'><span><\/span><\/span><\/h3>\n\t\t\t\t\t<div class='learn-more-content'>An artisanal creation and a unique piece, carefully crafted by blending contemporary design with the traditional craftsmanship of Javanese Batik.<\/p>\n<p>Hand-painted with premium materials, the high-quality fabric combines comfort and durability with a dense weave that provides exquisite softness and exceptional resilience.<\/p>\n<p>Thanks to its generous size, this truly versatile and elegant garment can be worn in multiple ways.<\/p>\n<p>Some knots are explained and illustrated in our printed user guide, which is sent to you along with your pareo, using the complimentary coconut buckle .<\/p>\n<p>Rafraichissant par temps chaud, r\u00e9confortant par temps froid, ce par\u00e9o offre une exp\u00e9rience de confort \u00e0 chaque utilisation que ce soit comme v\u00eatement d&#8217;\u00e9t\u00e9, drap de plage, serviette de bain, ch\u00e2le, foulard, \u00e9charpe &#8230;<\/p>\n<p>Pareo size: 190 cm x 115 cm<\/div>\n\t\t\t\t<\/div>\n","protected":false},"excerpt":{"rendered":"<p>Pareo Dolphins, hand-painted Java batik on flowing viscose. Vibrant colours and original motif \u2014 perfect for the beach, city or as a pareo dress.<\/p>\n","protected":false},"featured_media":9110,"template":"","meta":{"_seopress_robots_primary_cat":"none","_seopress_titles_title":"Pareo Dolphins \u2013 Handmade Java Batik | The Batik Store","_seopress_titles_desc":"An original, hand-painted sarong on quality fabric: that's the promise of The Batik Store! Dolphins pattern . ","_seopress_robots_index":"","_et_pb_use_builder":"","_et_pb_old_content":"","_et_gb_content_width":""},"product_brand":[],"product_cat":[62],"product_tag":[],"class_list":{"0":"post-4804","1":"product","2":"type-product","3":"status-publish","4":"has-post-thumbnail","6":"product_cat-pareo-worn","8":"first","9":"instock","10":"shipping-taxable","11":"purchasable","12":"product-type-simple","13":"add-to-wishlist-after_add_to_cart"},"_links":{"self":[{"href":"https:\/\/thebatikstore.com\/en\/wp-json\/wp\/v2\/product\/4804","targetHints":{"allow":["GET"]}}],"collection":[{"href":"https:\/\/thebatikstore.com\/en\/wp-json\/wp\/v2\/product"}],"about":[{"href":"https:\/\/thebatikstore.com\/en\/wp-json\/wp\/v2\/types\/product"}],"wp:featuredmedia":[{"embeddable":true,"href":"https:\/\/thebatikstore.com\/en\/wp-json\/wp\/v2\/media\/9110"}],"wp:attachment":[{"href":"https:\/\/thebatikstore.com\/en\/wp-json\/wp\/v2\/media?parent=4804"}],"wp:term":[{"taxonomy":"product_brand","embeddable":true,"href":"https:\/\/thebatikstore.com\/en\/wp-json\/wp\/v2\/product_brand?post=4804"},{"taxonomy":"product_cat","embeddable":true,"href":"https:\/\/thebatikstore.com\/en\/wp-json\/wp\/v2\/product_cat?post=4804"},{"taxonomy":"product_tag","embeddable":true,"href":"https:\/\/thebatikstore.com\/en\/wp-json\/wp\/v2\/product_tag?post=4804"}],"curies":[{"name":"wp","href":"https:\/\/api.w.org\/{rel}","templated":true}]}}