{"id":4835,"date":"2024-09-20T16:50:26","date_gmt":"2024-09-20T14:50:26","guid":{"rendered":"https:\/\/thebatikstore.com\/boutique\/uncategorized\/catfish\/"},"modified":"2026-04-23T15:50:29","modified_gmt":"2026-04-23T13:50:29","slug":"catfish","status":"publish","type":"product","link":"https:\/\/thebatikstore.com\/en\/shop\/pareo-worn\/catfish\/","title":{"rendered":"Pareo Catfish"},"content":{"rendered":"<blockquote>\n<p class=\"p1\">In the depths of the river he swims, silent guardian of the secrets of the dark water. A symbol of the exploration of truth beyond appearances, but also of fertility and prosperity.<\/p>\n<\/blockquote>\n<div class='et-learn-more clearfix'>\n\t\t\t\t\t<h3 class='heading-more'>Read the description<span class='et_learnmore_arrow'><span><\/span><\/span><\/h3>\n\t\t\t\t\t<div class='learn-more-content'>An artisanal creation and a unique piece, carefully crafted by blending contemporary design with the traditional craftsmanship of Javanese Batik.<\/p>\n<p>Hand-painted with premium materials, the high-quality fabric combines comfort and durability with a dense weave that provides exquisite softness and exceptional resilience.<\/p>\n<p>Thanks to its generous size, this truly versatile and elegant garment can be worn in multiple ways.<\/p>\n<p>Some knots are explained and illustrated in our printed user guide, which is sent to you along with your pareo, using the complimentary coconut buckle .<\/p>\n<p>Rafraichissant par temps chaud, r\u00e9confortant par temps froid, ce par\u00e9o offre une exp\u00e9rience de confort \u00e0 chaque utilisation que ce soit comme v\u00eatement d&#8217;\u00e9t\u00e9, drap de plage, serviette de bain, ch\u00e2le, foulard, \u00e9charpe &#8230;<\/p>\n<p>Pareo size: 190 cm x 115 cm<\/div>\n\t\t\t\t<\/div>\n","protected":false},"excerpt":{"rendered":"<p>Catfish pareo, artisan Java batik handmade on quality viscose. Refined finish and unique character \u2014 an elegant wardrobe essential.<\/p>\n","protected":false},"featured_media":10028,"template":"","meta":{"_seopress_robots_primary_cat":"none","_seopress_titles_title":"Pareo Catfish \u2013 Handmade Java Batik | The Batik Store","_seopress_titles_desc":"An original, hand-painted sarong on quality fabric: that's the promise of The Batik Store ! Motif Catfish .","_seopress_robots_index":"","_et_pb_use_builder":"","_et_pb_old_content":"","_et_gb_content_width":""},"product_brand":[],"product_cat":[62],"product_tag":[],"class_list":{"0":"post-4835","1":"product","2":"type-product","3":"status-publish","4":"has-post-thumbnail","6":"product_cat-pareo-worn","8":"first","9":"instock","10":"featured","11":"shipping-taxable","12":"purchasable","13":"product-type-simple","14":"add-to-wishlist-after_add_to_cart"},"_links":{"self":[{"href":"https:\/\/thebatikstore.com\/en\/wp-json\/wp\/v2\/product\/4835","targetHints":{"allow":["GET"]}}],"collection":[{"href":"https:\/\/thebatikstore.com\/en\/wp-json\/wp\/v2\/product"}],"about":[{"href":"https:\/\/thebatikstore.com\/en\/wp-json\/wp\/v2\/types\/product"}],"wp:featuredmedia":[{"embeddable":true,"href":"https:\/\/thebatikstore.com\/en\/wp-json\/wp\/v2\/media\/10028"}],"wp:attachment":[{"href":"https:\/\/thebatikstore.com\/en\/wp-json\/wp\/v2\/media?parent=4835"}],"wp:term":[{"taxonomy":"product_brand","embeddable":true,"href":"https:\/\/thebatikstore.com\/en\/wp-json\/wp\/v2\/product_brand?post=4835"},{"taxonomy":"product_cat","embeddable":true,"href":"https:\/\/thebatikstore.com\/en\/wp-json\/wp\/v2\/product_cat?post=4835"},{"taxonomy":"product_tag","embeddable":true,"href":"https:\/\/thebatikstore.com\/en\/wp-json\/wp\/v2\/product_tag?post=4835"}],"curies":[{"name":"wp","href":"https:\/\/api.w.org\/{rel}","templated":true}]}}