{"id":4874,"date":"2024-09-29T18:40:48","date_gmt":"2024-09-29T16:40:48","guid":{"rendered":"https:\/\/thebatikstore.com\/boutique\/uncategorized\/fishes-yellow\/"},"modified":"2026-04-23T15:50:16","modified_gmt":"2026-04-23T13:50:16","slug":"fishes-yellow","status":"publish","type":"product","link":"https:\/\/thebatikstore.com\/en\/shop\/pareo-worn\/fishes-yellow\/","title":{"rendered":"Pareo Fishes Yellow"},"content":{"rendered":"<blockquote><p>Les poissons, avec leur diversit\u00e9 \u00e9blouissante et leur comportement fascinant, incarnent la splendeur de la vie marine et t\u00e9moignent de l&#8217;infinie magnificence de l&#8217;\u00e9cosyst\u00e8me oc\u00e9anique.<\/p><\/blockquote>\n<p class=\"p1\"><span class=\"s1\">Handcrafted limited edition.<\/span><\/p>\n<p class=\"p1\"><span class=\"s1\"><div class='et-learn-more clearfix'>\n\t\t\t\t\t<h3 class='heading-more'>Read the description<span class='et_learnmore_arrow'><span><\/span><\/span><\/h3>\n\t\t\t\t\t<div class='learn-more-content'>Unique and handcrafted, meticulously created by blending contemporary design with traditional Javanese Batik artistry.<\/span><\/p>\n<p class=\"p1\"><span class=\"s1\">Hand-painted with premium materials, this high-quality fabric offers exquisite softness and exceptional durability, thanks to its dense weave.<\/span><\/p>\n<p class=\"p1\"><span class=\"s1\">Its generous size makes this pareo a truly versatile and elegant garment, wearable in multiple ways.<\/span><\/p>\n<p class=\"p1\"><span class=\"s1\">Knot-tying instructions are explained and illustrated in our paper guide, included with your pareo and a complimentary coconut buckle.<\/span><\/p>\n<p class=\"p1\"><span class=\"s1\">Cooling in warm weather, comforting in cool, this pareo offers comfort with every use: as a summer garment, beach wrap, bath towel, shawl, or scarf.<\/span><\/p>\n<p class=\"p1\"><span class=\"s1\">Pareo size: 190 cm x 115 cm<\/div>\n\t\t\t\t<\/div><\/span><\/p>\n<p class=\"p1\"><span class=\"s1\"> <\/span><\/p>\n<p class=\"p2\" style=\"text-align: center\"><span class=\"s1\">Like many pieces in our collection, the FISHES YELLOW can also be displayed as a textile artwork, adding warmth, depth, and a contemporary, personal touch to any interior.<\/span><\/p>\n<p class=\"p2\" style=\"text-align: center\"><span class=\"s1\"><a href='https:\/\/thebatikstore.com\/wp-content\/uploads\/2025\/02\/pareo-deco-fishes-yellow-the-batik-store.png' class='small-button smallblack'>View FISHES YELLOW as artwork<\/a><\/span><\/p>\n","protected":false},"excerpt":{"rendered":"<p>Pareo Fishes Yellow, hand-painted Java batik on flowing viscose. Vibrant colours and original motif \u2014 perfect for the beach, city or as a pareo dress.<\/p>\n","protected":false},"featured_media":9080,"template":"","meta":{"_seopress_robots_primary_cat":"none","_seopress_titles_title":"Pareo Fishes Yellow \u2013 Handmade Java Batik | The Batik Store","_seopress_titles_desc":"An original, hand-painted sarong on a quality fabric: that's the promise of The Batik Store ! Motif Fishes Yellow. ","_seopress_robots_index":"","_et_pb_use_builder":"","_et_pb_old_content":"","_et_gb_content_width":""},"product_brand":[],"product_cat":[62],"product_tag":[],"class_list":{"0":"post-4874","1":"product","2":"type-product","3":"status-publish","4":"has-post-thumbnail","6":"product_cat-pareo-worn","8":"first","9":"instock","10":"shipping-taxable","11":"purchasable","12":"product-type-simple","13":"add-to-wishlist-after_add_to_cart"},"_links":{"self":[{"href":"https:\/\/thebatikstore.com\/en\/wp-json\/wp\/v2\/product\/4874","targetHints":{"allow":["GET"]}}],"collection":[{"href":"https:\/\/thebatikstore.com\/en\/wp-json\/wp\/v2\/product"}],"about":[{"href":"https:\/\/thebatikstore.com\/en\/wp-json\/wp\/v2\/types\/product"}],"wp:featuredmedia":[{"embeddable":true,"href":"https:\/\/thebatikstore.com\/en\/wp-json\/wp\/v2\/media\/9080"}],"wp:attachment":[{"href":"https:\/\/thebatikstore.com\/en\/wp-json\/wp\/v2\/media?parent=4874"}],"wp:term":[{"taxonomy":"product_brand","embeddable":true,"href":"https:\/\/thebatikstore.com\/en\/wp-json\/wp\/v2\/product_brand?post=4874"},{"taxonomy":"product_cat","embeddable":true,"href":"https:\/\/thebatikstore.com\/en\/wp-json\/wp\/v2\/product_cat?post=4874"},{"taxonomy":"product_tag","embeddable":true,"href":"https:\/\/thebatikstore.com\/en\/wp-json\/wp\/v2\/product_tag?post=4874"}],"curies":[{"name":"wp","href":"https:\/\/api.w.org\/{rel}","templated":true}]}}