{"id":8523,"date":"2024-12-25T16:03:43","date_gmt":"2024-12-25T15:03:43","guid":{"rendered":"https:\/\/thebatikstore.com\/?post_type=product&#038;p=8523"},"modified":"2026-04-23T15:50:01","modified_gmt":"2026-04-23T13:50:01","slug":"giraffes","status":"publish","type":"product","link":"https:\/\/thebatikstore.com\/en\/shop\/wall-hanging\/giraffes\/","title":{"rendered":"Tenture Giraffes"},"content":{"rendered":"<blockquote>\n<p class=\"p1\">Majestueuse et paisible, la girafe incarne la douceur et la gr\u00e2ce, rappelant l\u2019importance de garder les pieds sur terre tout en aspirant aux hauteurs et \u00e0 voir au-del\u00e0 de l\u2019horizon .<\/p>\n<\/blockquote>\n<p>Cr\u00e9ation artisanale en s\u00e9rie limit\u00e9 .<\/p>\n<div class='et-learn-more clearfix'>\n\t\t\t\t\t<h3 class='heading-more'>Lire la description<span class='et_learnmore_arrow'><span><\/span><\/span><\/h3>\n\t\t\t\t\t<div class='learn-more-content'>Ajoutez une touche d&#8217;\u00e9l\u00e9gance et de chaleur \u00e0 votre int\u00e9rieur avec nos tentures en Batik, enti\u00e8rement faites main dans un coton d&#8217;exeption et orn\u00e9es de motifs originaux.<\/p>\n<p>Gr\u00e2ce \u00e0 leurs grandes dimensions et \u00e0 leurs couleurs \u00e9clatantes, elles se distinguent comme des pi\u00e8ces uniques.<\/p>\n<p>Id\u00e9ales pour habiller vos murs, servir de couvre-lit ou cr\u00e9er une ambiance boh\u00e8me en tant que s\u00e9parateur d\u2019espace, elles peuvent aussi s&#8217;utiliser en ext\u00e9rieur comme toile d&#8217;ombrage ou nappe de pique-nique.<\/p>\n<p>Chaque pi\u00e8ce refl\u00e8te un savoir-faire artisanal exceptionnel !<\/p>\n<p>Chaque pi\u00e8ce est unique gr\u00e2ce aux caract\u00e9ristiques des techniques de la peinture Batik.<\/p>\n<p>Taille : 245 cm x 245 cm<\/p>\n<p>Mat\u00e9riel : Coton sup\u00e9rieur<\/div>\n\t\t\t\t<\/div>\n","protected":false},"excerpt":{"rendered":"<p>Tenture Giraffes wall hanging, large-format Java batik on cotton. Original pattern and refined finish \u2014 for a warm bohemian atmosphere.<\/p>\n","protected":false},"featured_media":11360,"template":"","meta":{"_seopress_robots_primary_cat":"none","_seopress_titles_title":"Tenture Giraffes \u2013 Handmade Java Batik | The Batik Store","_seopress_titles_desc":"Une tenture Batik d\u00e9corative originale et artisanale peint \u00e0 la main sur un tissus de grande qualit\u00e9 : c'est la promesse de The Batik Store ! Motif Giraffes .","_seopress_robots_index":"","_et_pb_use_builder":"","_et_pb_old_content":"","_et_gb_content_width":""},"product_brand":[],"product_cat":[99],"product_tag":[],"class_list":{"0":"post-8523","1":"product","2":"type-product","3":"status-publish","4":"has-post-thumbnail","6":"product_cat-tentures","8":"first","9":"instock","10":"shipping-taxable","11":"purchasable","12":"product-type-simple","13":"add-to-wishlist-after_add_to_cart"},"_links":{"self":[{"href":"https:\/\/thebatikstore.com\/en\/wp-json\/wp\/v2\/product\/8523","targetHints":{"allow":["GET"]}}],"collection":[{"href":"https:\/\/thebatikstore.com\/en\/wp-json\/wp\/v2\/product"}],"about":[{"href":"https:\/\/thebatikstore.com\/en\/wp-json\/wp\/v2\/types\/product"}],"wp:featuredmedia":[{"embeddable":true,"href":"https:\/\/thebatikstore.com\/en\/wp-json\/wp\/v2\/media\/11360"}],"wp:attachment":[{"href":"https:\/\/thebatikstore.com\/en\/wp-json\/wp\/v2\/media?parent=8523"}],"wp:term":[{"taxonomy":"product_brand","embeddable":true,"href":"https:\/\/thebatikstore.com\/en\/wp-json\/wp\/v2\/product_brand?post=8523"},{"taxonomy":"product_cat","embeddable":true,"href":"https:\/\/thebatikstore.com\/en\/wp-json\/wp\/v2\/product_cat?post=8523"},{"taxonomy":"product_tag","embeddable":true,"href":"https:\/\/thebatikstore.com\/en\/wp-json\/wp\/v2\/product_tag?post=8523"}],"curies":[{"name":"wp","href":"https:\/\/api.w.org\/{rel}","templated":true}]}}